{"id":859,"date":"2024-11-12T02:34:09","date_gmt":"2024-11-12T01:34:09","guid":{"rendered":"https:\/\/ofertasdeoro.com\/index.php\/producto\/pachamama-grow\/"},"modified":"2024-11-12T02:39:29","modified_gmt":"2024-11-12T01:39:29","slug":"pachamama-grow","status":"publish","type":"product","link":"https:\/\/ofertasdeoro.com\/index.php\/producto\/pachamama-grow\/","title":{"rendered":"Pachamama GROW"},"content":{"rendered":"<p dir=\"ltr\" style=\"margin:0px0px20px;padding:0px;border:0px;vertical-align:baseline;font-style:normal;font-weight:400;line-height:inherit;font-family:Poppins,sans-serif;font-size:14px;letter-spacing:normal;text-transform:none;text-align:left\"><span style=\"margin:0px;padding:0px;border:0px;vertical-align:baseline;font-style:inherit;font-variant:inherit;font-weight:inherit;line-height:inherit;font-family:inherit;font-size:14px\">Fertilizante base dise\u00f1ado para la fase Vegetativa.<\/span><\/p>\n<p dir=\"ltr\" style=\"margin:0px0px20px;padding:0px;border:0px;vertical-align:baseline;font-style:normal;font-weight:400;line-height:inherit;font-family:Poppins,sans-serif;font-size:14px;letter-spacing:normal;text-transform:none;text-align:left\"><strong style=\"margin: 0px;padding: 0px;border: 0px;vertical-align: baseline;font-style: inherit;font-variant: inherit;font-weight: 600;line-height: inherit;font-family: inherit;font-size: 14px\">\u00bfCu\u00e1ndo tengo que a\u00f1adir Pachamama GROW a las plantas ?<\/strong><\/p>\n<p dir=\"ltr\" style=\"margin:0px0px20px;padding:0px;border:0px;vertical-align:baseline;font-style:normal;font-weight:400;line-height:inherit;font-family:Poppins,sans-serif;font-size:14px;letter-spacing:normal;text-transform:none;text-align:left\"><span style=\"margin:0px;padding:0px;border:0px;vertical-align:baseline;font-style:inherit;font-variant:inherit;font-weight:inherit;line-height:inherit;font-family:inherit;font-size:14px\">Se utiliza durante todo el Fotoperiodo Crecimiento (18 horas de Luz) y las dos primeras semanas del Fotoperiodo floraci\u00f3n (12 horas de luz).<\/span><\/p>\n<p dir=\"ltr\" style=\"margin:0px0px20px;padding:0px;border:0px;vertical-align:baseline;font-style:normal;font-weight:400;line-height:inherit;font-family:Poppins,sans-serif;font-size:14px;letter-spacing:normal;text-transform:none;text-align:left\"><strong style=\"margin: 0px;padding: 0px;border: 0px;vertical-align: baseline;font-style: inherit;font-variant: inherit;font-weight: 600;line-height: inherit;font-family: inherit;font-size: 14px\">\u00bfAdem\u00e1s de la Base GROW , necesito a\u00f1adir Cal Mag para preparar la soluci\u00f3n nutritiva?<\/strong><\/p>\n<p dir=\"ltr\" style=\"margin:0px0px20px;padding:0px;border:0px;vertical-align:baseline;font-style:normal;font-weight:400;line-height:inherit;font-family:Poppins,sans-serif;font-size:14px;letter-spacing:normal;text-transform:none;text-align:left\"><span style=\"margin:0px;padding:0px;border:0px;vertical-align:baseline;font-style:inherit;font-variant:inherit;font-weight:inherit;line-height:inherit;font-family:inherit;font-size:14px\">No necesitas a\u00f1adir ning\u00fan otro Fertilizante al agua de riego. GROW de Pachamama contiene todos los MACRO y MICRO NUTRIENTES que las plantas van a necesitar para la fase vegetativa, incluido el Calcio y el Magnesio.<\/span><\/p>\n<p dir=\"ltr\" style=\"margin:0px0px20px;padding:0px;border:0px;vertical-align:baseline;font-style:normal;font-weight:400;line-height:inherit;font-family:Poppins,sans-serif;font-size:14px;letter-spacing:normal;text-transform:none;text-align:left\"><strong style=\"margin: 0px;padding: 0px;border: 0px;vertical-align: baseline;font-style: inherit;font-variant: inherit;font-weight: 600;line-height: inherit;font-family: inherit;font-size: 14px\">\u00bfSe puede complementar con alg\u00fan otro producto para mejorar el resultado?<\/strong><\/p>\n<p dir=\"ltr\" style=\"margin:0px0px20px;padding:0px;border:0px;vertical-align:baseline;font-style:normal;font-weight:400;line-height:inherit;font-family:Poppins,sans-serif;font-size:14px;letter-spacing:normal;text-transform:none;text-align:left\"><span style=\"margin:0px;padding:0px;border:0px;vertical-align:baseline;font-style:inherit;font-variant:inherit;font-weight:inherit;line-height:inherit;font-family:inherit;font-size:14px\">Pachamama GROW es un fertilizante base dise\u00f1ado para la fase de crecimiento de las plantas, incluye todos los Macro y micro nutrientes que la planta va a necesitar, pero puede ser complementado con bioestimulantes u otros fertilizantes siempre que se mantenga un equilibrio correcto. <\/span><\/p>\n<p dir=\"ltr\" style=\"margin:0px0px20px;padding:0px;border:0px;vertical-align:baseline;font-style:normal;font-weight:400;line-height:inherit;font-family:Poppins,sans-serif;font-size:14px;letter-spacing:normal;text-transform:none;text-align:left\"><strong style=\"margin: 0px;padding: 0px;border: 0px;vertical-align: baseline;font-style: inherit;font-variant: inherit;font-weight: 600;line-height: inherit;font-family: inherit;font-size: 14px\">\u00bfEn que medios de cultivo puedo utilizar este producto? <\/strong><\/p>\n<p dir=\"ltr\" style=\"margin:0px0px20px;padding:0px;border:0px;vertical-align:baseline;font-style:normal;font-weight:400;line-height:inherit;font-family:Poppins,sans-serif;font-size:14px;letter-spacing:normal;text-transform:none;text-align:left\"><span style=\"margin:0px;padding:0px;border:0px;vertical-align:baseline;font-style:inherit;font-variant:inherit;font-weight:inherit;line-height:inherit;font-family:inherit;font-size:14px\">Puedes utilizarlo en todos los medios de cultivo<span> <\/span><\/span><span style=\"margin:0px;padding:0px;border:0px;vertical-align:baseline;font-style:inherit;font-variant:inherit;font-weight:inherit;line-height:inherit;font-family:inherit;font-size:14px\">TIERRA, COCO E HIDRO<\/span><\/p>\n<p dir=\"ltr\" style=\"margin:0px0px20px;padding:0px;border:0px;vertical-align:baseline;font-style:normal;font-weight:400;line-height:inherit;font-family:Poppins,sans-serif;font-size:14px;letter-spacing:normal;text-transform:none;text-align:left\"><strong style=\"margin: 0px;padding: 0px;border: 0px;vertical-align: baseline;font-style: inherit;font-variant: inherit;font-weight: 600;line-height: inherit;font-family: inherit;font-size: 14px\">BENEFICIOS de utilizar la base GROW de Pachamama:<\/strong><\/p>\n<ul style=\"margin:0px0px17.5px;padding:0px;border:0px;vertical-align:baseline;font-style:normal;font-weight:400;line-height:inherit;font-family:Poppins,sans-serif;font-size:14px;padding-inline-start:0px;--list-mb:20px;--li-mb:10px;--li-pl:17px;letter-spacing:normal;text-transform:none;text-align:left\">\n<li dir=\"ltr\" style=\"margin:0px;padding:0px;border:0px;vertical-align:baseline;font-style:inherit;font-variant:inherit;font-weight:inherit;line-height:inherit;font-family:inherit;font-size:14px\">\n<p dir=\"ltr\" role=\"presentation\" style=\"margin:0px0px20px;padding:0px;border:0px;vertical-align:baseline;font-style:inherit;font-variant:inherit;font-weight:inherit;line-height:inherit;font-family:inherit;font-size:14px\"><span style=\"margin:0px;padding:0px;border:0px;vertical-align:baseline;font-style:inherit;font-variant:inherit;font-weight:inherit;line-height:inherit;font-family:inherit;font-size:14px\"><strong style=\"margin: 0px;padding: 0px;border: 0px;vertical-align: baseline;font-style: inherit;font-variant: inherit;font-weight: 600;line-height: inherit;font-family: inherit;font-size: 14px\">Manejo f\u00e1cil y seguro:<\/strong><span> <\/span><\/span><span style=\"margin:0px;padding:0px;border:0px;vertical-align:baseline;font-style:inherit;font-variant:inherit;font-weight:inherit;line-height:inherit;font-family:inherit;font-size:14px\">Tan solo necesitas a\u00f1adir un solo fertilizante al agua hasta llegar a la EC deseada.<\/span><\/p>\n<\/li>\n<li dir=\"ltr\" style=\"margin:0px;padding:0px;border:0px;vertical-align:baseline;font-style:inherit;font-variant:inherit;font-weight:inherit;line-height:inherit;font-family:inherit;font-size:14px\">\n<p dir=\"ltr\" role=\"presentation\" style=\"margin:0px0px20px;padding:0px;border:0px;vertical-align:baseline;font-style:inherit;font-variant:inherit;font-weight:inherit;line-height:inherit;font-family:inherit;font-size:14px\"><strong style=\"margin: 0px;padding: 0px;border: 0px;vertical-align: baseline;font-style: inherit;font-variant: inherit;font-weight: 600;line-height: inherit;font-family: inherit;font-size: 14px\">Sin equivocaciones:<\/strong><span style=\"margin:0px;padding:0px;border:0px;vertical-align:baseline;font-style:inherit;font-variant:inherit;font-weight:inherit;line-height:inherit;font-family:inherit;font-size:14px\"><span> <\/span>Al no necesitar mezclar varios productos, minimizas el riesgo de equivocaciones y te garantizas un buen resultado.<\/span><\/p>\n<\/li>\n<li dir=\"ltr\" style=\"margin:0px;padding:0px;border:0px;vertical-align:baseline;font-style:inherit;font-variant:inherit;font-weight:inherit;line-height:inherit;font-family:inherit;font-size:14px\">\n<p dir=\"ltr\" role=\"presentation\" style=\"margin:0px0px20px;padding:0px;border:0px;vertical-align:baseline;font-style:inherit;font-variant:inherit;font-weight:inherit;line-height:inherit;font-family:inherit;font-size:14px\"><strong style=\"margin: 0px;padding: 0px;border: 0px;vertical-align: baseline;font-style: inherit;font-variant: inherit;font-weight: 600;line-height: inherit;font-family: inherit;font-size: 14px\">Equilibrio perfecto:<\/strong><span style=\"margin:0px;padding:0px;border:0px;vertical-align:baseline;font-style:inherit;font-variant:inherit;font-weight:inherit;line-height:inherit;font-family:inherit;font-size:14px\"><span> <\/span>Grow de Pachamama<\/span><span style=\"margin:0px;padding:0px;border:0px;vertical-align:baseline;font-style:inherit;font-variant:inherit;font-weight:inherit;line-height:inherit;font-family:inherit;font-size:14px\"><span> <\/span><\/span><span style=\"margin:0px;padding:0px;border:0px;vertical-align:baseline;font-style:inherit;font-variant:inherit;font-weight:inherit;line-height:inherit;font-family:inherit;font-size:14px\">est\u00e1 dise\u00f1ado en base a un equilibrio perfecto para la Fase Vegetativa de las plantas. Si utilizas este producto comprobaras como con un solo producto sin la necesidad de realizar mezclas tus plantas crecen sanas y equilibradas con tallos fuertes y vigorosos y un gran desarrollo radicular, las hojas tendr\u00e1n un color verde oscuro y los entrenudos ser\u00e1n cortos.<\/span><\/p>\n<\/li>\n<li dir=\"ltr\" style=\"margin:0px;padding:0px;border:0px;vertical-align:baseline;font-style:inherit;font-variant:inherit;font-weight:inherit;line-height:inherit;font-family:inherit;font-size:14px\">\n<p dir=\"ltr\" role=\"presentation\" style=\"margin:0px0px20px;padding:0px;border:0px;vertical-align:baseline;font-style:inherit;font-variant:inherit;font-weight:inherit;line-height:inherit;font-family:inherit;font-size:14px\"><strong style=\"margin: 0px;padding: 0px;border: 0px;vertical-align: baseline;font-style: inherit;font-variant: inherit;font-weight: 600;line-height: inherit;font-family: inherit;font-size: 14px\">Mejor resultado posible:<\/strong><span style=\"margin:0px;padding:0px;border:0px;vertical-align:baseline;font-style:inherit;font-variant:inherit;font-weight:inherit;line-height:inherit;font-family:inherit;font-size:14px\"><span> <\/span>Las plantas se alimentar\u00e1n de forma equilibrada y con las cantidades justas que necesitan de cada nutriente para la fase vegetativa y de prefloraci\u00f3n.<br \/>\n<\/span><br \/>\n<span style=\"margin:0px;padding:0px;border:0px;vertical-align:baseline;font-style:inherit;font-variant:inherit;font-weight:inherit;line-height:inherit;font-family:inherit;font-size:14px\">La fase vegetativa es de vital importancia ya que un buen arranque te asegurara el mejor resultado posible. <\/span><\/p>\n<\/li>\n<\/ul>\n","protected":false},"excerpt":{"rendered":"<p>Fertilizante base dise\u00f1ado para la fase Vegetativa. \u00bfCu\u00e1ndo tengo que a\u00f1adir Pachamama GROW a las plantas ? Se utiliza durante&hellip;<\/p>\n","protected":false},"featured_media":855,"comment_status":"closed","ping_status":"closed","template":"","meta":{"om_disable_all_campaigns":false,"_monsterinsights_skip_tracking":false,"_monsterinsights_sitenote_active":false,"_monsterinsights_sitenote_note":"","_monsterinsights_sitenote_category":0},"product_cat":[315,406],"product_tag":[365,319,407],"class_list":{"0":"post-859","1":"product","2":"type-product","3":"status-publish","4":"has-post-thumbnail","6":"product_cat-fertilizantes","7":"product_cat-pachamama","8":"product_tag-crecimiento","9":"product_tag-fertilizante","10":"product_tag-pachamama","12":"first","13":"instock","14":"shipping-taxable","15":"purchasable","16":"product-type-variable"},"aioseo_notices":[],"jetpack_sharing_enabled":true,"_links":{"self":[{"href":"https:\/\/ofertasdeoro.com\/index.php\/wp-json\/wp\/v2\/product\/859","targetHints":{"allow":["GET"]}}],"collection":[{"href":"https:\/\/ofertasdeoro.com\/index.php\/wp-json\/wp\/v2\/product"}],"about":[{"href":"https:\/\/ofertasdeoro.com\/index.php\/wp-json\/wp\/v2\/types\/product"}],"replies":[{"embeddable":true,"href":"https:\/\/ofertasdeoro.com\/index.php\/wp-json\/wp\/v2\/comments?post=859"}],"wp:featuredmedia":[{"embeddable":true,"href":"https:\/\/ofertasdeoro.com\/index.php\/wp-json\/wp\/v2\/media\/855"}],"wp:attachment":[{"href":"https:\/\/ofertasdeoro.com\/index.php\/wp-json\/wp\/v2\/media?parent=859"}],"wp:term":[{"taxonomy":"product_cat","embeddable":true,"href":"https:\/\/ofertasdeoro.com\/index.php\/wp-json\/wp\/v2\/product_cat?post=859"},{"taxonomy":"product_tag","embeddable":true,"href":"https:\/\/ofertasdeoro.com\/index.php\/wp-json\/wp\/v2\/product_tag?post=859"}],"curies":[{"name":"wp","href":"https:\/\/api.w.org\/{rel}","templated":true}]}}