{"id":777,"date":"2023-06-03T03:49:41","date_gmt":"2023-06-03T02:49:41","guid":{"rendered":"https:\/\/ofertasdeoro.com\/index.php\/producto\/tripack-top-crop\/"},"modified":"2024-02-07T01:54:07","modified_gmt":"2024-02-07T00:54:07","slug":"tripack-top-crop","status":"publish","type":"product","link":"https:\/\/ofertasdeoro.com\/index.php\/producto\/tripack-top-crop\/","title":{"rendered":"Tripack Top Crop"},"content":{"rendered":"<p><span style=\"font-family:montserrat,arial,verdana;font-size:16px;font-style:normal;font-weight:400;letter-spacing:normal;text-transform:none;float:none;text-align:left\">TOP CROP presenta su nuevo formato de venta TRIPACK, que consta de:<\/span><br \/>\n<span style=\"font-family:montserrat,arial,verdana;font-size:16px;font-style:normal;font-weight:400;letter-spacing:normal;text-transform:none;float:none;text-align:left\">&#8211; Top Bloom 250 ml<\/span><br \/>\n<span style=\"font-family:montserrat,arial,verdana;font-size:16px;font-style:normal;font-weight:400;letter-spacing:normal;text-transform:none;float:none;text-align:left\">&#8211; Top Veg 250 ml<\/span><br \/>\n<span style=\"font-family:montserrat,arial,verdana;font-size:16px;font-style:normal;font-weight:400;letter-spacing:normal;text-transform:none;float:none;text-align:left\">&#8211; Deeper Underground 100 ml<\/span><br \/>\n<span style=\"font-family:montserrat,arial,verdana;font-size:16px;font-style:normal;font-weight:400;letter-spacing:normal;text-transform:none;float:none;text-align:left\">Productos de crecimiento, floraci\u00f3n y enraizador respectivamente.<\/span><br \/>\n<span style=\"font-family:montserrat,arial,verdana;font-size:16px;font-style:normal;font-weight:400;letter-spacing:normal;text-transform:none;float:none;text-align:left\">Con este pack b\u00e1sico, la l\u00ednea espa\u00f1ola de fertilizantes oferce a los usuarios una soluci\u00f3n global para probar la marca o asumir cultivos a su medida sin necesidad de adquirir mayor cantidad de producto.<\/span><\/p>\n","protected":false},"excerpt":{"rendered":"<p><span style=\"font-family:montserrat,arial,verdana;font-size:16px;font-style:normal;font-weight:400;letter-spacing:normal;text-transform:none;float:none;text-align:left\">TOP CROP presenta su nuevo formato de venta TRIPACK, que consta de:<\/span><br \/>\n<span style=\"font-family:montserrat,arial,verdana;font-size:16px;font-style:normal;font-weight:400;letter-spacing:normal;text-transform:none;float:none;text-align:left\">&#8211; Top Bloom 250 ml<\/span><br \/>\n<span style=\"font-family:montserrat,arial,verdana;font-size:16px;font-style:normal;font-weight:400;letter-spacing:normal;text-transform:none;float:none;text-align:left\">&#8211; Top Veg 250 ml<\/span><br \/>\n<span style=\"font-family:montserrat,arial,verdana;font-size:16px;font-style:normal;font-weight:400;letter-spacing:normal;text-transform:none;float:none;text-align:left\">&#8211; Deeper Underground 100 ml<\/span><br \/>\n<span style=\"font-family:montserrat,arial,verdana;font-size:16px;font-style:normal;font-weight:400;letter-spacing:normal;text-transform:none;float:none;text-align:left\">Productos de crecimiento, floraci\u00f3n y enraizador respectivamente.<\/span><br \/>\n<span style=\"font-family:montserrat,arial,verdana;font-size:16px;font-style:normal;font-weight:400;letter-spacing:normal;text-transform:none;float:none;text-align:left\">Con este pack b\u00e1sico, la l\u00ednea espa\u00f1ola de fertilizantes oferce a los usuarios una soluci\u00f3n global para probar la marca o asumir cultivos a su medida sin necesidad de adquirir mayor cantidad de producto.<\/span><\/p>\n","protected":false},"featured_media":776,"comment_status":"open","ping_status":"closed","template":"","meta":{"om_disable_all_campaigns":false,"_monsterinsights_skip_tracking":false,"_monsterinsights_sitenote_active":false,"_monsterinsights_sitenote_note":"","_monsterinsights_sitenote_category":0},"product_cat":[379,315],"product_tag":[319,363,344,387,310,334,327,309,386,389],"class_list":{"0":"post-777","1":"product","2":"type-product","3":"status-publish","4":"has-post-thumbnail","6":"product_cat-top-crop","7":"product_cat-fertilizantes","8":"product_tag-fertilizante","9":"product_tag-fertilizantes","10":"product_tag-grow","11":"product_tag-grow-shop","12":"product_tag-growshop","13":"product_tag-oferta","14":"product_tag-ofertas","15":"product_tag-ofertasdeoro","16":"product_tag-top-crop","17":"product_tag-topcrop","19":"first","20":"instock","21":"shipping-taxable","22":"purchasable","23":"product-type-simple"},"aioseo_notices":[],"jetpack_sharing_enabled":true,"_links":{"self":[{"href":"https:\/\/ofertasdeoro.com\/index.php\/wp-json\/wp\/v2\/product\/777","targetHints":{"allow":["GET"]}}],"collection":[{"href":"https:\/\/ofertasdeoro.com\/index.php\/wp-json\/wp\/v2\/product"}],"about":[{"href":"https:\/\/ofertasdeoro.com\/index.php\/wp-json\/wp\/v2\/types\/product"}],"replies":[{"embeddable":true,"href":"https:\/\/ofertasdeoro.com\/index.php\/wp-json\/wp\/v2\/comments?post=777"}],"wp:featuredmedia":[{"embeddable":true,"href":"https:\/\/ofertasdeoro.com\/index.php\/wp-json\/wp\/v2\/media\/776"}],"wp:attachment":[{"href":"https:\/\/ofertasdeoro.com\/index.php\/wp-json\/wp\/v2\/media?parent=777"}],"wp:term":[{"taxonomy":"product_cat","embeddable":true,"href":"https:\/\/ofertasdeoro.com\/index.php\/wp-json\/wp\/v2\/product_cat?post=777"},{"taxonomy":"product_tag","embeddable":true,"href":"https:\/\/ofertasdeoro.com\/index.php\/wp-json\/wp\/v2\/product_tag?post=777"}],"curies":[{"name":"wp","href":"https:\/\/api.w.org\/{rel}","templated":true}]}}