{"id":775,"date":"2023-06-03T03:45:00","date_gmt":"2023-06-03T02:45:00","guid":{"rendered":"https:\/\/ofertasdeoro.com\/index.php\/producto\/budpack-top-crop\/"},"modified":"2023-06-03T03:45:00","modified_gmt":"2023-06-03T02:45:00","slug":"budpack-top-crop","status":"publish","type":"product","link":"https:\/\/ofertasdeoro.com\/index.php\/producto\/budpack-top-crop\/","title":{"rendered":"BudPack Top Crop"},"content":{"rendered":"<p><span style=\"font-family:montserrat,arial,verdana;font-size:16px;font-style:normal;font-weight:400;letter-spacing:normal;text-transform:none;float:none;text-align:left\">Top Crop presenta Budpack, un conjunto de aditivos para la fase de floraci\u00f3n, podr\u00e1 adquirirse a un precio incre\u00edble para finalizar los cultivos con los mejores resultados. El pack est\u00e1 compuesto por:<\/span><br \/>\n<span style=\"font-family:montserrat,arial,verdana;font-size:16px;font-style:normal;font-weight:400;letter-spacing:normal;text-transform:none;float:none;text-align:left\">&#8211; Big One 250ml.<\/span><br \/>\n<span style=\"font-family:montserrat,arial,verdana;font-size:16px;font-style:normal;font-weight:400;letter-spacing:normal;text-transform:none;float:none;text-align:left\">&#8211; Top Candy 250ml.<\/span><br \/>\n<span style=\"font-family:montserrat,arial,verdana;font-size:16px;font-style:normal;font-weight:400;letter-spacing:normal;text-transform:none;float:none;text-align:left\">&#8211; Top Bud 100ml.<\/span><\/p>\n","protected":false},"excerpt":{"rendered":"<p><span style=\"font-family:montserrat,arial,verdana;font-size:16px;font-style:normal;font-weight:400;letter-spacing:normal;text-transform:none;float:none;text-align:left\">Top Crop presenta Budpack, un conjunto de aditivos para la fase de floraci\u00f3n, podr\u00e1 adquirirse a un precio incre\u00edble para finalizar los cultivos con los mejores resultados. El pack est\u00e1 compuesto por:<\/span><br \/>\n<span style=\"font-family:montserrat,arial,verdana;font-size:16px;font-style:normal;font-weight:400;letter-spacing:normal;text-transform:none;float:none;text-align:left\">&#8211; Big One 250ml.<\/span><br \/>\n<span style=\"font-family:montserrat,arial,verdana;font-size:16px;font-style:normal;font-weight:400;letter-spacing:normal;text-transform:none;float:none;text-align:left\">&#8211; Top Candy 250ml.<\/span><br \/>\n<span style=\"font-family:montserrat,arial,verdana;font-size:16px;font-style:normal;font-weight:400;letter-spacing:normal;text-transform:none;float:none;text-align:left\">&#8211; Top Bud 100ml.<\/span><\/p>\n","protected":false},"featured_media":773,"comment_status":"open","ping_status":"closed","template":"","meta":{"om_disable_all_campaigns":false,"_monsterinsights_skip_tracking":false,"_monsterinsights_sitenote_active":false,"_monsterinsights_sitenote_note":"","_monsterinsights_sitenote_category":0},"product_cat":[379,315],"product_tag":[319,363,344,387,310,334,327,309,386,389],"class_list":{"0":"post-775","1":"product","2":"type-product","3":"status-publish","4":"has-post-thumbnail","6":"product_cat-top-crop","7":"product_cat-fertilizantes","8":"product_tag-fertilizante","9":"product_tag-fertilizantes","10":"product_tag-grow","11":"product_tag-grow-shop","12":"product_tag-growshop","13":"product_tag-oferta","14":"product_tag-ofertas","15":"product_tag-ofertasdeoro","16":"product_tag-top-crop","17":"product_tag-topcrop","19":"first","20":"instock","21":"shipping-taxable","22":"purchasable","23":"product-type-simple"},"aioseo_notices":[],"jetpack_sharing_enabled":true,"_links":{"self":[{"href":"https:\/\/ofertasdeoro.com\/index.php\/wp-json\/wp\/v2\/product\/775","targetHints":{"allow":["GET"]}}],"collection":[{"href":"https:\/\/ofertasdeoro.com\/index.php\/wp-json\/wp\/v2\/product"}],"about":[{"href":"https:\/\/ofertasdeoro.com\/index.php\/wp-json\/wp\/v2\/types\/product"}],"replies":[{"embeddable":true,"href":"https:\/\/ofertasdeoro.com\/index.php\/wp-json\/wp\/v2\/comments?post=775"}],"wp:featuredmedia":[{"embeddable":true,"href":"https:\/\/ofertasdeoro.com\/index.php\/wp-json\/wp\/v2\/media\/773"}],"wp:attachment":[{"href":"https:\/\/ofertasdeoro.com\/index.php\/wp-json\/wp\/v2\/media?parent=775"}],"wp:term":[{"taxonomy":"product_cat","embeddable":true,"href":"https:\/\/ofertasdeoro.com\/index.php\/wp-json\/wp\/v2\/product_cat?post=775"},{"taxonomy":"product_tag","embeddable":true,"href":"https:\/\/ofertasdeoro.com\/index.php\/wp-json\/wp\/v2\/product_tag?post=775"}],"curies":[{"name":"wp","href":"https:\/\/api.w.org\/{rel}","templated":true}]}}