{"id":746,"date":"2023-05-31T11:09:32","date_gmt":"2023-05-31T10:09:32","guid":{"rendered":"https:\/\/ofertasdeoro.com\/index.php\/producto\/led-430-e27-120w-agrolite\/"},"modified":"2024-02-07T01:54:07","modified_gmt":"2024-02-07T00:54:07","slug":"led-430-e27-120w-agrolite","status":"publish","type":"product","link":"https:\/\/ofertasdeoro.com\/index.php\/producto\/led-430-e27-120w-agrolite\/","title":{"rendered":"LED 430 E27 120W Agrolite"},"content":{"rendered":"<p><span style=\"font-family:montserrat,arial,verdana;font-size:16px;font-style:normal;font-weight:400;letter-spacing:normal;text-transform:none;float:none;text-align:left\">4.30 LED de Agrolite es una l\u00e1mpara led con 4 paneles m\u00f3viles que permite ajustar la unidad a distintos usos. Este foco emite luz apta para las fases de crecimiento y floraci\u00f3n gracias a una combinaci\u00f3n de chips basada en los requerimientos fotolum\u00ednicos de las plantas.<\/span><br \/>\n<span style=\"font-family:montserrat,arial,verdana;font-size:16px;font-style:normal;font-weight:400;letter-spacing:normal;text-transform:none;float:none;text-align:left\">La geometr\u00eda de la l\u00e1mpara, su alta eficiencia y baja emisi\u00f3n de calor la convierte en una luminaria ideal para fase de propagaci\u00f3n, crecimiento y floraci\u00f3n.<\/span><br \/>\n<span style=\"font-family:montserrat,arial,verdana;font-size:16px;font-style:normal;font-weight:400;letter-spacing:normal;text-transform:none;float:none;text-align:left\">Gracias a sus paneles m\u00f3viles puede variarse su geometr\u00eda y usarse tambi\u00e9n como unidad de refuerzo entre plantas o en esquinas poco iluminadas.<\/span><br \/>\n<span style=\"font-family:montserrat,arial,verdana;font-size:16px;font-style:normal;font-weight:400;letter-spacing:normal;text-transform:none;float:none;text-align:left\">Con su configuraci\u00f3n de m\u00e1xima extensi\u00f3n se optimiza la huella de luz, permitiendo resultados satisfactorios en un \u00e1rea de 80*80 cm en crecimiento a 30-40cm y 60*60 cm en floraci\u00f3n a 15-20cm.<\/span><br \/>\n<span style=\"font-family:montserrat,arial,verdana;font-size:16px;font-style:normal;font-weight:400;letter-spacing:normal;text-transform:none;float:none;text-align:left\">Atenci\u00f3n: No utilizar con reguladores de intensidad<\/span><br \/>\n<span style=\"font-family:montserrat,arial,verdana;font-size:16px;font-style:normal;font-weight:400;letter-spacing:normal;text-transform:none;float:none;text-align:left\">Vida: 20.000 h<\/span><br \/>\n<span style=\"font-family:montserrat,arial,verdana;font-size:16px;font-style:normal;font-weight:400;letter-spacing:normal;text-transform:none;float:none;text-align:left\">Eficiencia: 2.2 \u00b5mol\/J<\/span><br \/>\n<span style=\"font-family:montserrat,arial,verdana;font-size:16px;font-style:normal;font-weight:400;letter-spacing:normal;text-transform:none;float:none;text-align:left\">Voltaje: 230V\/50 Hz<\/span><br \/>\n<span style=\"font-family:montserrat,arial,verdana;font-size:16px;font-style:normal;font-weight:400;letter-spacing:normal;text-transform:none;float:none;text-align:left\">Potencia: 120W<\/span><br \/>\n<span style=\"font-family:montserrat,arial,verdana;font-size:16px;font-style:normal;font-weight:400;letter-spacing:normal;text-transform:none;float:none;text-align:left\">CRI: 90<\/span><br \/>\n<span style=\"font-family:montserrat,arial,verdana;font-size:16px;font-style:normal;font-weight:400;letter-spacing:normal;text-transform:none;float:none;text-align:left\">E27<\/span><\/p>\n<h2><strong> <\/strong><strong><a target=\"_blank\" rel=\"noopener\" href=\"https:\/\/www.hemptrading.com\/tienda\/img\/uploads\/files\/AGRLED120\/Ficha_Agrolite_430LED_120W_Es_En_It_Fr.pdf\">Descarga Ficha<\/a><\/strong><a target=\"_blank\" rel=\"noopener\" href=\"https:\/\/www.hemptrading.com\/tienda\/img\/uploads\/files\/AGRLED120\/Ficha_Agrolite_430LED_120W_Es_En_It_Fr.pdf\"> t\u00e9cnica<\/a><\/h2>\n","protected":false},"excerpt":{"rendered":"<p><span style=\"font-family:montserrat,arial,verdana;font-size:16px;font-style:normal;font-weight:400;letter-spacing:normal;text-transform:none;float:none;text-align:left\">4.30 LED de Agrolite es una l\u00e1mpara led con 4 paneles m\u00f3viles que permite ajustar la unidad a distintos usos. Este foco emite luz apta para las fases de crecimiento y floraci\u00f3n gracias a una combinaci\u00f3n de chips basada en los requerimientos fotolum\u00ednicos de las plantas.<\/span><\/p>\n","protected":false},"featured_media":737,"comment_status":"open","ping_status":"closed","template":"","meta":{"om_disable_all_campaigns":false,"_monsterinsights_skip_tracking":false,"_monsterinsights_sitenote_active":false,"_monsterinsights_sitenote_note":"","_monsterinsights_sitenote_category":0},"product_cat":[380,17],"product_tag":[374,375,377,310,312,334,327,309,378,376],"class_list":{"0":"post-746","1":"product","2":"type-product","3":"status-publish","4":"has-post-thumbnail","6":"product_cat-agrolite","7":"product_cat-iluminacion","8":"product_tag-120w","9":"product_tag-bajo-consumo","10":"product_tag-calidad","11":"product_tag-growshop","12":"product_tag-led","13":"product_tag-oferta","14":"product_tag-ofertas","15":"product_tag-ofertasdeoro","16":"product_tag-precio","17":"product_tag-rendimiento","19":"first","20":"instock","21":"sale","22":"featured","23":"shipping-taxable","24":"purchasable","25":"product-type-simple"},"aioseo_notices":[],"jetpack_sharing_enabled":true,"_links":{"self":[{"href":"https:\/\/ofertasdeoro.com\/index.php\/wp-json\/wp\/v2\/product\/746","targetHints":{"allow":["GET"]}}],"collection":[{"href":"https:\/\/ofertasdeoro.com\/index.php\/wp-json\/wp\/v2\/product"}],"about":[{"href":"https:\/\/ofertasdeoro.com\/index.php\/wp-json\/wp\/v2\/types\/product"}],"replies":[{"embeddable":true,"href":"https:\/\/ofertasdeoro.com\/index.php\/wp-json\/wp\/v2\/comments?post=746"}],"wp:featuredmedia":[{"embeddable":true,"href":"https:\/\/ofertasdeoro.com\/index.php\/wp-json\/wp\/v2\/media\/737"}],"wp:attachment":[{"href":"https:\/\/ofertasdeoro.com\/index.php\/wp-json\/wp\/v2\/media?parent=746"}],"wp:term":[{"taxonomy":"product_cat","embeddable":true,"href":"https:\/\/ofertasdeoro.com\/index.php\/wp-json\/wp\/v2\/product_cat?post=746"},{"taxonomy":"product_tag","embeddable":true,"href":"https:\/\/ofertasdeoro.com\/index.php\/wp-json\/wp\/v2\/product_tag?post=746"}],"curies":[{"name":"wp","href":"https:\/\/api.w.org\/{rel}","templated":true}]}}