{"id":707,"date":"2023-03-07T20:17:12","date_gmt":"2023-03-07T19:17:12","guid":{"rendered":"https:\/\/ofertasdeoro.com\/?post_type=product&#038;p=707"},"modified":"2026-02-21T23:10:21","modified_gmt":"2026-02-21T22:10:21","slug":"bio-hesi-grow","status":"publish","type":"product","link":"https:\/\/ofertasdeoro.com\/index.php\/producto\/bio-hesi-grow\/","title":{"rendered":"BIO HESI GROW"},"content":{"rendered":"<p><span style=\"font-family:Hind,sans-serif;font-size:15.2px;font-style:normal;font-weight:300;letter-spacing:normal;text-transform:none;float:none;text-align:left\">Bio Hesi Grow es un abono biol\u00f3gico l\u00edquido NPK 4-0,5-5 apto para todos los m\u00e9todos de cultivo para la fase de crecimiento<\/span><\/p>\n","protected":false},"excerpt":{"rendered":"<p><span style=\"font-family:Hind,sans-serif;font-size:15.2px;font-style:normal;font-weight:300;letter-spacing:normal;text-transform:none;float:none;text-align:left\">Bio Hesi Grow es un abono biol\u00f3gico l\u00edquido NPK 4-0,5-5 apto para todos los m\u00e9todos de cultivo para la fase de crecimiento<\/span><\/p>\n","protected":false},"featured_media":706,"comment_status":"open","ping_status":"closed","template":"","meta":{"om_disable_all_campaigns":false,"_monsterinsights_skip_tracking":false,"_monsterinsights_sitenote_active":false,"_monsterinsights_sitenote_note":"","_monsterinsights_sitenote_category":0},"product_cat":[384,315],"product_tag":[365,316,372,327,309,320],"class_list":{"0":"post-707","1":"product","2":"type-product","3":"status-publish","4":"has-post-thumbnail","6":"product_cat-hesi","7":"product_cat-fertilizantes","8":"product_tag-crecimiento","9":"product_tag-estimulador-de-crecimiento","10":"product_tag-hesi","11":"product_tag-ofertas","12":"product_tag-ofertasdeoro","13":"product_tag-oro","15":"first","16":"instock","17":"shipping-taxable","18":"purchasable","19":"product-type-variable"},"aioseo_notices":[],"jetpack_sharing_enabled":true,"_links":{"self":[{"href":"https:\/\/ofertasdeoro.com\/index.php\/wp-json\/wp\/v2\/product\/707","targetHints":{"allow":["GET"]}}],"collection":[{"href":"https:\/\/ofertasdeoro.com\/index.php\/wp-json\/wp\/v2\/product"}],"about":[{"href":"https:\/\/ofertasdeoro.com\/index.php\/wp-json\/wp\/v2\/types\/product"}],"replies":[{"embeddable":true,"href":"https:\/\/ofertasdeoro.com\/index.php\/wp-json\/wp\/v2\/comments?post=707"}],"wp:featuredmedia":[{"embeddable":true,"href":"https:\/\/ofertasdeoro.com\/index.php\/wp-json\/wp\/v2\/media\/706"}],"wp:attachment":[{"href":"https:\/\/ofertasdeoro.com\/index.php\/wp-json\/wp\/v2\/media?parent=707"}],"wp:term":[{"taxonomy":"product_cat","embeddable":true,"href":"https:\/\/ofertasdeoro.com\/index.php\/wp-json\/wp\/v2\/product_cat?post=707"},{"taxonomy":"product_tag","embeddable":true,"href":"https:\/\/ofertasdeoro.com\/index.php\/wp-json\/wp\/v2\/product_tag?post=707"}],"curies":[{"name":"wp","href":"https:\/\/api.w.org\/{rel}","templated":true}]}}