{"id":704,"date":"2023-03-07T20:10:44","date_gmt":"2023-03-07T19:10:44","guid":{"rendered":"https:\/\/ofertasdeoro.com\/index.php\/producto\/kit-de-cultivo-hesi-tierra\/"},"modified":"2025-05-31T20:31:27","modified_gmt":"2025-05-31T19:31:27","slug":"kit-de-cultivo-hesi-tierra","status":"publish","type":"product","link":"https:\/\/ofertasdeoro.com\/index.php\/producto\/kit-de-cultivo-hesi-tierra\/","title":{"rendered":"KIT DE CULTIVO HESI TIERRA"},"content":{"rendered":"<p>Este kit de cultivo es un nuevo producto que contiene todos los nutrientes y estimuladores necesarios para un cultivo completo con Hesi.<\/p>\n<p>Est\u00e1 disponible en tres versiones: tierra, coco e hydro. La caja del kit es exactamente igual en los tres casos aunque tiene una indicaci\u00f3n exterior para identificar su contenido.<\/p>\n<p>El Kit Tierra cuenta con:<\/p>\n<p>1 pipeta pasteur para dosificar el nutriente.<br \/>\n1 ficha de cultivo que indica el nivel de fertilizante que se debe aplicar cada semana.<\/p>\n<p>COMPLEJO TNT CRECIMIENTO 0,5 L<\/p>\n<p>TNT Complex es un producto potente para tus plantas, ya que el nitr\u00f3geno es 100 % org\u00e1nico. El nitr\u00f3geno org\u00e1nico asegura que las plantas disponen de un m\u00ednimo de sales ideales para plantas j\u00f3venes. Las uniones de nitr\u00f3geno org\u00e1nicas no tienen valor de EC porque no son sales, pero tienen un alto porcentaje de nitr\u00f3geno. Esto hace que las plantas j\u00f3venes se carguen con un m\u00ednimo de sales, lo que les proporciona condiciones de crecimiento ideales. El Complejo TNT tiene as\u00ed un valor de EC aparentemente bajo pero con un alto grado de efecto.<\/p>\n<p>COMPLEJO FLORACI\u00d3N 1 L<\/p>\n<p>ElComplejo de Floraci\u00f3n aporta a la planta una mezcla especial que est\u00e1 espec\u00edficamente dise\u00f1ada para cubrir las necesidades de las plantas en el periodo de floraci\u00f3n. Adem\u00e1s de los nutrientes habituales (N, P, K y Mg), este Complejo de Floraci\u00f3n est\u00e1 enriquecido con todos los productos necesarios (amino\u00e1cidos y vitaminas) para asegurar un desarrollo de las plantas en \u00f3ptimas condiciones y con floraci\u00f3n abundante.<\/p>\n<p>F\u00d3SFORO PLUS 1 L<\/p>\n<p>Se recomienda la aplicaci\u00f3n de F\u00f3sforo Plus en la segunda mitad del periodo de floraci\u00f3n junto con el Complejo de Floraci\u00f3n. Este es un fertilizante creado para suelo, aportando una \u00f3ptima nutrici\u00f3n y manteniendo los niveles de sales bajo control en todo momento.<\/p>\n<p>Con F\u00f3sforo Plus damos a las plantas los medios adecuados en el momento adecuado: f\u00f3sforo para una mejor formaci\u00f3n de flores y potasio para un r\u00e1pido transporte a las mismas.<\/p>\n<p>COMPLEJO RADICULAR 0,5 L<\/p>\n<p>Este producto es un elixir para los esquejes, plantas j\u00f3venes y plantas en situaciones de estr\u00e9s. Complejo Radiculares una combinaci\u00f3n de microelementos y productos vitales (vitaminas, amino\u00e1cidos, polisac\u00e1ridos y encimas) que facilitan a la planta un enraizamiento \u00f3ptimo y crea en muy poco tiempo tallos gruesos y sanos.<\/p>\n<p>POWERZYME 0,5 L<\/p>\n<p>Power Enzyme es un extracto de enzimas para plantas que estimula la actividad y el crecimiento radicular. Incrementa la resistencia de la planta y elimina del medio los compuestos da\u00f1inos. Este extracto activa los microorganismos beneficiosos en el sustrato y acelera la absorci\u00f3n de nutrientes por parte de la planta. Apto para uso en tierra, coco e hidro.<\/p>\n<p>SUPER VIT 10 ML<\/p>\n<p>SuperVit es una mezcla altamente concentrada de vitaminas y amino\u00e1cidos que mejora de forma inmediata el metabolismo y la apariencia general de la planta. Esto resulta en un crecimiento fuerte y una floraci\u00f3n abundante.<\/p>\n<p>100 ML DE HESI BOOST<\/p>\n<p>El uso deHesi Boost mejora las condiciones de la planta, permiti\u00e9ndole ser menos susceptible a factores externos y estimul\u00e1ndola para que aumente la densidad de las hojas, puesto que los cogollos crecer\u00e1n m\u00e1s juntos, as\u00ed como las ramas secundarias y la resistencia y la densidad de las flores. Adem\u00e1s Hesi Boost aumenta el contenido de az\u00facar que mejorar\u00e1 el resultado final de la cosecha.<\/p>\n","protected":false},"excerpt":{"rendered":"<p>Este kit de cultivo es un nuevo producto que contiene todos los nutrientes y estimuladores necesarios para un cultivo completo con Hesi.<\/p>\n","protected":false},"featured_media":703,"comment_status":"open","ping_status":"closed","template":"","meta":{"om_disable_all_campaigns":false,"_monsterinsights_skip_tracking":false,"_monsterinsights_sitenote_active":false,"_monsterinsights_sitenote_note":"","_monsterinsights_sitenote_category":0},"product_cat":[384,315],"product_tag":[316,317,318,319,372,309,320],"class_list":{"0":"post-704","1":"product","2":"type-product","3":"status-publish","4":"has-post-thumbnail","6":"product_cat-hesi","7":"product_cat-fertilizantes","8":"product_tag-estimulador-de-crecimiento","9":"product_tag-estimulador-de-floracion","10":"product_tag-estimulador-de-raices","11":"product_tag-fertilizante","12":"product_tag-hesi","13":"product_tag-ofertasdeoro","14":"product_tag-oro","16":"first","17":"instock","18":"shipping-taxable","19":"purchasable","20":"product-type-simple"},"aioseo_notices":[],"jetpack_sharing_enabled":true,"_links":{"self":[{"href":"https:\/\/ofertasdeoro.com\/index.php\/wp-json\/wp\/v2\/product\/704","targetHints":{"allow":["GET"]}}],"collection":[{"href":"https:\/\/ofertasdeoro.com\/index.php\/wp-json\/wp\/v2\/product"}],"about":[{"href":"https:\/\/ofertasdeoro.com\/index.php\/wp-json\/wp\/v2\/types\/product"}],"replies":[{"embeddable":true,"href":"https:\/\/ofertasdeoro.com\/index.php\/wp-json\/wp\/v2\/comments?post=704"}],"wp:featuredmedia":[{"embeddable":true,"href":"https:\/\/ofertasdeoro.com\/index.php\/wp-json\/wp\/v2\/media\/703"}],"wp:attachment":[{"href":"https:\/\/ofertasdeoro.com\/index.php\/wp-json\/wp\/v2\/media?parent=704"}],"wp:term":[{"taxonomy":"product_cat","embeddable":true,"href":"https:\/\/ofertasdeoro.com\/index.php\/wp-json\/wp\/v2\/product_cat?post=704"},{"taxonomy":"product_tag","embeddable":true,"href":"https:\/\/ofertasdeoro.com\/index.php\/wp-json\/wp\/v2\/product_tag?post=704"}],"curies":[{"name":"wp","href":"https:\/\/api.w.org\/{rel}","templated":true}]}}