{"id":683,"date":"2023-02-13T18:38:53","date_gmt":"2023-02-13T17:38:53","guid":{"rendered":"https:\/\/ofertasdeoro.com\/?post_type=product&#038;p=683"},"modified":"2023-06-02T03:57:19","modified_gmt":"2023-06-02T02:57:19","slug":"bud-candy","status":"publish","type":"product","link":"https:\/\/ofertasdeoro.com\/index.php\/producto\/bud-candy\/","title":{"rendered":"BUD CANDY"},"content":{"rendered":"<p style=\"margin-top:0.5rem;margin-bottom:0.5rem;font-family:Hind,sans-serif;font-size:15.2px;font-style:normal;font-weight:300;letter-spacing:normal;text-transform:none;text-align:left\">Bud Candy es el aporte de az\u00facares, amino\u00e1cidos y vitaminas que tus plantas necesitan. <\/p>\n<p style=\"margin-top:0.5rem;margin-bottom:0.5rem;font-family:Hind,sans-serif;font-size:15.2px;font-style:normal;font-weight:300;letter-spacing:normal;text-transform:none;text-align:left\">Para conseguir plantas con un aroma dulce necesitas proporcionar un estimulante para que las plantas tengan m\u00e1s energ\u00eda cuando m\u00e1s lo necesitan. Para esto es necesario darles carbohidratos. <\/p>\n<p style=\"margin-top:0.5rem;margin-bottom:0.5rem;font-family:Hind,sans-serif;font-size:15.2px;font-style:normal;font-weight:300;letter-spacing:normal;text-transform:none;text-align:left\">Durante el ciclo de floraci\u00f3n tus plantas necesitan m\u00e1s az\u00facares de los que son capaces de producir. Cuanto m\u00e1s presionamos a las plantas y m\u00e1s CO2 y nutrientes les damos, m\u00e1s necesitan de estos carbohidratos, pudiendo generar un d\u00e9ficit. <\/p>\n<p style=\"margin-top:0.5rem;margin-bottom:0.5rem;font-family:Hind,sans-serif;font-size:15.2px;font-style:normal;font-weight:300;letter-spacing:normal;text-transform:none;text-align:left\">Pero no todos los carbohidratos son adecuados, se requiere de una f\u00f3rmula especial para que puedan ser bien asimilados. <\/p>\n<p style=\"margin-top:0.5rem;margin-bottom:0.5rem;font-family:Hind,sans-serif;font-size:15.2px;font-style:normal;font-weight:300;letter-spacing:normal;text-transform:none;text-align:left\">Una buena formulaci\u00f3n de carbohidratos permite tener una floraci\u00f3n explosiva, al mismo tiempo que alimentan a las bacterias y hongos beneficiosos que se encuentran en las ra\u00edces, haciendo que el sistema radicular crezca.  Esto a su vez, permitir\u00e1 que la se absorban m\u00e1s nutrientes potenciando el tama\u00f1o de las flores. <\/p>\n<h2 style=\"font-family:Montserrat,sans-serif;text-transform:uppercase;line-height:1.25;margin-top:1rem;margin-bottom:0.25rem;font-weight:bold;font-size:1.1rem;font-style:normal;letter-spacing:normal;text-align:left\">BENEFICIOS DE USAR AMINO\u00c1CIDOS EN LA FORMA CORRECTA<\/h2>\n<p style=\"margin-top:0.5rem;margin-bottom:0.5rem;font-family:Hind,sans-serif;font-size:15.2px;font-style:normal;font-weight:300;letter-spacing:normal;text-transform:none;text-align:left\">Los amino\u00e1cidos son cruciales para las prote\u00ednas que alimentan los procesos metab\u00f3licos y estructura de la planta con flores. La mayor\u00eda de formulaciones hidrop\u00f3nicas con amino\u00e1cidos, los proporcionan con la forma D-aminos. <\/p>\n<p style=\"margin-top:0.5rem;margin-bottom:0.5rem;font-family:Hind,sans-serif;font-size:15.2px;font-style:normal;font-weight:300;letter-spacing:normal;text-transform:none;text-align:left\">Esta forma es la m\u00e1s barata de obtener y fabricar, pero no es \u00fatil para la planta. La forma L de los amino\u00e1cidos est\u00e1 completamente disponible para una r\u00e1pida absorci\u00f3n y formaci\u00f3n de prote\u00ednas para mejorar de forma inmediata la salud y rendimiento de tu cultivo. <\/p>\n<h3 style=\"font-family:Montserrat,sans-serif;text-transform:uppercase;line-height:1.25;margin-top:1rem;margin-bottom:0.25rem;font-weight:500;font-size:1rem;font-style:normal;letter-spacing:normal;text-align:left\">APLICACI\u00d3N DE BUD CANDY<\/h3>\n<p style=\"margin-top:0.5rem;margin-bottom:0.5rem;font-family:Hind,sans-serif;font-size:15.2px;font-style:normal;font-weight:300;letter-spacing:normal;text-transform:none;text-align:left\">Aplicar durante la fase de floraci\u00f3n en una dosificaci\u00f3n de 2ml\/L. <\/p>\n<p style=\"margin-top:0.5rem;margin-bottom:0.5rem;font-family:Hind,sans-serif;font-size:15.2px;font-style:normal;font-weight:300;letter-spacing:normal;text-transform:none;text-align:left\">Para mejores resultados puedes combinarlo con<span> <\/span>Carboload liquid Advanced Nutrients.<\/p>\n","protected":false},"excerpt":{"rendered":"<p style=\"margin-top:0.5rem;margin-bottom:0.5rem;font-family:Hind,sans-serif;font-size:15.2px;font-style:normal;font-weight:300;letter-spacing:normal;text-transform:none;text-align:left\">Bud Candy es el aporte de az\u00facares, amino\u00e1cidos y vitaminas que tus plantas necesitan. <\/p>\n<p style=\"margin-top:0.5rem;margin-bottom:0.5rem;font-family:Hind,sans-serif;font-size:15.2px;font-style:normal;font-weight:300;letter-spacing:normal;text-transform:none;text-align:left\">Para conseguir plantas con un aroma dulce necesitas proporcionar un estimulante para que las plantas tengan m\u00e1s energ\u00eda cuando m\u00e1s lo necesitan. Para esto es necesario darles carbohidratos. <\/p>\n","protected":false},"featured_media":680,"comment_status":"open","ping_status":"closed","template":"","meta":{"om_disable_all_campaigns":false,"_monsterinsights_skip_tracking":false,"_monsterinsights_sitenote_active":false,"_monsterinsights_sitenote_note":"","_monsterinsights_sitenote_category":0},"product_cat":[383,315],"product_tag":[362,317,367,309,320],"class_list":{"0":"post-683","1":"product","2":"type-product","3":"status-publish","4":"has-post-thumbnail","6":"product_cat-advanced-nutrients","7":"product_cat-fertilizantes","8":"product_tag-advanced-nutrients","9":"product_tag-estimulador-de-floracion","10":"product_tag-hidroponico","11":"product_tag-ofertasdeoro","12":"product_tag-oro","14":"first","15":"instock","16":"shipping-taxable","17":"purchasable","18":"product-type-variable"},"aioseo_notices":[],"jetpack_sharing_enabled":true,"_links":{"self":[{"href":"https:\/\/ofertasdeoro.com\/index.php\/wp-json\/wp\/v2\/product\/683","targetHints":{"allow":["GET"]}}],"collection":[{"href":"https:\/\/ofertasdeoro.com\/index.php\/wp-json\/wp\/v2\/product"}],"about":[{"href":"https:\/\/ofertasdeoro.com\/index.php\/wp-json\/wp\/v2\/types\/product"}],"replies":[{"embeddable":true,"href":"https:\/\/ofertasdeoro.com\/index.php\/wp-json\/wp\/v2\/comments?post=683"}],"wp:featuredmedia":[{"embeddable":true,"href":"https:\/\/ofertasdeoro.com\/index.php\/wp-json\/wp\/v2\/media\/680"}],"wp:attachment":[{"href":"https:\/\/ofertasdeoro.com\/index.php\/wp-json\/wp\/v2\/media?parent=683"}],"wp:term":[{"taxonomy":"product_cat","embeddable":true,"href":"https:\/\/ofertasdeoro.com\/index.php\/wp-json\/wp\/v2\/product_cat?post=683"},{"taxonomy":"product_tag","embeddable":true,"href":"https:\/\/ofertasdeoro.com\/index.php\/wp-json\/wp\/v2\/product_tag?post=683"}],"curies":[{"name":"wp","href":"https:\/\/api.w.org\/{rel}","templated":true}]}}