{"id":674,"date":"2023-02-13T18:29:00","date_gmt":"2023-02-13T17:29:00","guid":{"rendered":"https:\/\/ofertasdeoro.com\/?post_type=product&#038;p=674"},"modified":"2025-06-06T17:57:02","modified_gmt":"2025-06-06T16:57:02","slug":"big-bud-advanced-nutrients","status":"publish","type":"product","link":"https:\/\/ofertasdeoro.com\/index.php\/producto\/big-bud-advanced-nutrients\/","title":{"rendered":"BIG BUD ADVANCED NUTRIENTS"},"content":{"rendered":"<p>Big Bud es un estimulador de floraci\u00f3n que te ofrece los m\u00e1ximos rendimientos en tus cultivos. Algunos de sus principales efectos son: <\/p>\n<div data-v-53411f4c=\"\">\n<div data-v-7757f8a2=\"\" data-v-53411f4c=\"\">\n<div class=\"container\" data-v-7757f8a2=\"\" style=\"max-width:1440px;width:393.091px;margin:0pxauto;padding:0px1rem\">\n<div class=\"product\" data-v-7757f8a2=\"\" style=\"grid-template-columns:40%60%;grid-template-rows:auto1fr\">\n<div id=\"p-bottom\" data-v-7757f8a2=\"\" style=\"grid-template-columns:2fr3fr;column-gap:1rem\">\n<div id=\"pb-right\" data-v-7757f8a2=\"\">\n<div id=\"pb-right-content\" data-v-7757f8a2=\"\" style=\"max-width:calc(100vw-3rem)\">\n<div class=\"mi-tabs-content\" style=\"padding:0.2rem\">\n<div class=\"mit-item\" style=\"width:338.693px;margin-bottom:3rem;padding-bottom:1rem\">\n<div class=\"mit-desc\" style=\"font-size:0.95rem;font-weight:300\">\n<ul>\n<li>Flores m\u00e1s grandes, pesadas y densas <\/li>\n<li>Flores con m\u00e1s aceites esenciales, arom\u00e1ticos, terpenoides, fenoles y otros factores de potencia.<\/li>\n<li>Incrementos visibles en el peso total del cultivo <\/li>\n<\/ul>\n<p style=\"margin-top:0.5rem;margin-bottom:0.5rem\">Para tener buenos resultados, es necesaria una buena proporci\u00f3n de f\u00f3sforo y potasio en la formulaci\u00f3n de los estimuladores. Pero requiere de mucho m\u00e1s: para acelerar la floraci\u00f3n final es necesario proporcionar la gama completa y amino\u00e1cidos en forma de L. <\/p>\n<p style=\"margin-top:0.5rem;margin-bottom:0.5rem\">Con Big Bud puedes hacer que tus flores sean m\u00e1s grandes, ayudando a las plantas a respirar, metabolizar y producir. <\/p>\n<p style=\"margin-top:0.5rem;margin-bottom:0.5rem\">La conclusi\u00f3n es que el \u00e1cido asc\u00f3rbico, el \u00e1cido c\u00edtrico, los 20 amino\u00e1cidos en forma L, el potasio, el f\u00f3sforo y el magnesio se encuentran en las proporciones correctas en el potenciador de cogollos l\u00edquido f\u00e1cil de usar creado por los cient\u00edficos de Advanced Nutrients. Se llama Big Bud\u00ae.<\/p>\n<h3 style=\"font-family:Montserrat,sans-serif;text-transform:uppercase;line-height:1.25;margin-top:1rem;margin-bottom:0.25rem;font-weight:500;font-size:1rem\">APLICACI\u00d3N DE BIG BUD<\/h3>\n<p style=\"margin-top:0.5rem;margin-bottom:0.5rem\">Aplicar durante la 2\u00ba hasta la 4\u00ba semana de floraci\u00f3n en una dosificaci\u00f3n de 2 ml\/L.<\/p>\n<\/div>\n<\/div>\n<div class=\"mit-item\" style=\"width:338.693px;margin-bottom:3rem;padding-bottom:1rem\">\n<p class=\"mi-item-title\" style=\"margin-top:0.5rem;margin-bottom:1rem;padding-bottom:4px;cursor:pointer;text-transform:uppercase;font-weight:700;font-family:Montserrat,serif;font-size:0.9rem;border-bottom:1pxsolid!important\">DOCUMENTOS T\u00c9CNICOS<\/p>\n<div class=\"mit-atch\">\n<h3 style=\"font-family:Montserrat,sans-serif;text-transform:uppercase;line-height:1.25;margin-top:20px;margin-bottom:5px;font-weight:500;font-size:14px\">ADJUNTOS<\/h3>\n<div class=\"atch-row\" style=\"padding:10px;margin-bottom:2px;font-size:14px\">\n<p style=\"margin-top:0px;margin-bottom:0px\">  <a target=\"_blank\" href=\"https:\/\/s3.eu-west-1.amazonaws.com\/static.hortitec.es\/attachments\/attachments\/techspecs_5050_bigbud.pdf\" title=\"Ficha t\u00e9cnica\" style=\"background-color: transparent;text-decoration: none\" rel=\"noopener\">Ficha t\u00e9cnica<\/a><\/p>\n<\/div>\n<h3 style=\"font-family:Montserrat,sans-serif;text-transform:uppercase;line-height:1.25;margin-top:20px;margin-bottom:5px;font-weight:500;font-size:14px\">DOCUMENTOS DE SEGURIDAD<\/h3>\n<div class=\"atch-row\" style=\"padding:10px;margin-bottom:2px;font-size:14px\">\n<p style=\"margin-top:0px;margin-bottom:0px\">  <a target=\"_blank\" href=\"https:\/\/s3.eu-west-3.amazonaws.com\/hortitec.static\/attachments\/security\/advanced_nutrients_big_bud_liquid_001a_north_america_2020_04_13.pdf\" title=\"Advanced_Nutrients_Big_Bud\" style=\"background-color: transparent;text-decoration: none\" rel=\"noopener\">Advanced_Nutrients_Big_Bud<\/a><\/p>\n<\/div>\n<\/div>\n<\/div>\n<div class=\"mit-item\" style=\"width:338.693px;margin-bottom:3rem;padding-bottom:1rem\">\n<p class=\"mi-item-title\" style=\"margin-top:0.5rem;margin-bottom:1rem;padding-bottom:4px;cursor:pointer;text-transform:uppercase;font-weight:700;font-family:Montserrat,serif;font-size:0.9rem;border-bottom:1pxsolid!important\">TABLA RESUMEN<\/p>\n<div class=\"miproduct\" style=\"margin-top:1.5rem;max-width:calc(100vw-3rem)\">\n<div class=\"vgt-wrap\">\n<div class=\"vgt-inner-wrap\" style=\"border-radius:0.25rem\">\n<div class=\"vgt-fixed-header\"><\/div>\n<div class=\"vgt-responsive\" style=\"width:338.693px\">\n<table class=\"vgt-table striped\" id=\"vgt-table\" style=\"font-size: 16px;border-collapse: collapse;width: 338.693px;max-width: 100%;border: none !important\">\n<colgroup span=\"1\">\n<col span=\"1\" id=\"col-0\"><\/colgroup>\n<colgroup>\n<col span=\"1\" id=\"col-1\"><\/colgroup>\n<thead>\n<tr>\n<th colspan=\"1\" rowspan=\"1\" scope=\"col\" class=\"vgt-left-align sortable sorting sorting-asc\" style=\"text-align: left;padding: 0.75em 1.5em 0.75em 0.75em;vertical-align: bottom;min-width: auto;width: auto\"><span>Referencia<\/span><button type=\"submit\" style=\"font-family: inherit;font-size: 16px;line-height: 1.15;margin: 0px;overflow: visible;text-transform: none;background: 0px 0px;border: none;width: 154.205px;height: 46.3977px\"><span class=\"sr-only\" style=\"height: 1px;overflow: hidden;width: 1px\">Sort table by Referencia in ascending order<\/span><\/button><\/th>\n<th colspan=\"1\" rowspan=\"1\" scope=\"col\" class=\"vgt-left-align sortable\" style=\"text-align: left;padding: 0.75em 1.5em 0.75em 0.75em;vertical-align: bottom;min-width: auto;width: auto\"><span>Capacidad (L)<\/span><button type=\"submit\" style=\"font-family: inherit;font-size: 16px;line-height: 1.15;margin: 0px;overflow: visible;text-transform: none;background: 0px 0px;border: none;width: 184.489px;height: 46.3977px\"><span class=\"sr-only\" style=\"height: 1px;overflow: hidden;width: 1px\">Sort table by Capacidad (L) in descending order<\/span><\/button><\/th>\n<\/tr>\n<\/thead>\n<tbody>\n<tr class=\"clickable\" style=\"cursor: pointer\">\n<td colspan=\"1\" rowspan=\"1\" class=\"vgt-left-align\" style=\"text-align: left;padding: 0.75em;vertical-align: top;border-bottom-width: 1px;border-bottom-style: solid\"><span>719091<\/span><\/td>\n<td colspan=\"1\" rowspan=\"1\" class=\"vgt-left-align\" style=\"text-align: left;padding: 0.75em;vertical-align: top;border-bottom-width: 1px;border-bottom-style: solid\"><span>1<\/span><\/td>\n<\/tr>\n<tr class=\"clickable\" style=\"cursor: pointer\">\n<td colspan=\"1\" rowspan=\"1\" class=\"vgt-left-align\" style=\"text-align: left;padding: 0.75em;vertical-align: top;border-bottom-width: 1px;border-bottom-style: solid\"><span>719092<\/span><\/td>\n<td colspan=\"1\" rowspan=\"1\" class=\"vgt-left-align\" style=\"text-align: left;padding: 0.75em;vertical-align: top;border-bottom-width: 1px;border-bottom-style: solid\"><span>4<\/span><\/td>\n<\/tr>\n<tr class=\"clickable\" style=\"cursor: pointer\">\n<td colspan=\"1\" rowspan=\"1\" class=\"vgt-left-align\" style=\"text-align: left;padding: 0.75em;vertical-align: top;border-bottom-width: 1px;border-bottom-style: solid\"><span>719093<\/span><\/td>\n<td colspan=\"1\" rowspan=\"1\" class=\"vgt-left-align\" style=\"text-align: left;padding: 0.75em;vertical-align: top;border-bottom-width: 1px;border-bottom-style: solid\"><span>10<\/span><\/td>\n<\/tr>\n<tr class=\"clickable\" style=\"cursor: pointer\">\n<td colspan=\"1\" rowspan=\"1\" class=\"vgt-left-align\" style=\"text-align: left;padding: 0.75em;vertical-align: top;border-bottom-width: 1px;border-bottom-style: solid\"><span>719117<\/span><\/td>\n<td colspan=\"1\" rowspan=\"1\" class=\"vgt-left-align\" style=\"text-align: left;padding: 0.75em;vertical-align: top;border-bottom-width: 1px;border-bottom-style: solid\"><span>0.25<\/span><\/td>\n<\/tr>\n<tr class=\"clickable\" style=\"cursor: pointer\">\n<td colspan=\"1\" rowspan=\"1\" class=\"vgt-left-align\" style=\"text-align: left;padding: 0.75em;vertical-align: top;border-bottom-width: 1px;border-bottom-style: solid\"><span>719123<\/span><\/td>\n<td colspan=\"1\" rowspan=\"1\" class=\"vgt-left-align\" style=\"text-align: left;padding: 0.75em;vertical-align: top;border-bottom-width: 1px;border-bottom-style: solid\"><span>23<\/span><\/td>\n<\/tr>\n<tr class=\"clickable\" style=\"cursor: pointer\">\n<td colspan=\"1\" rowspan=\"1\" class=\"vgt-left-align\" style=\"text-align: left;padding: 0.75em;vertical-align: top;border-bottom-width: 1px;border-bottom-style: solid\"><span>719140<\/span><\/td>\n<td colspan=\"1\" rowspan=\"1\" class=\"vgt-left-align\" style=\"text-align: left;padding: 0.75em;vertical-align: top;border-bottom-width: 1px;border-bottom-style: solid\"><span>0.5<\/span><\/td>\n<\/tr>\n<tr class=\"clickable\" style=\"cursor: pointer\">\n<td colspan=\"1\" rowspan=\"1\" class=\"vgt-left-align\" style=\"text-align: left;padding: 0.75em;vertical-align: top;border-bottom-width: 1px;border-bottom-style: solid\"><span>799553<\/span><\/td>\n<td colspan=\"1\" rowspan=\"1\" class=\"vgt-left-align\" style=\"text-align: left;padding: 0.75em;vertical-align: top;border-bottom-width: 1px;border-bottom-style: solid\"><span>20<\/span><\/td>\n<\/tr>\n<tr class=\"clickable\" style=\"cursor: pointer\">\n<td colspan=\"1\" rowspan=\"1\" class=\"vgt-left-align\" style=\"text-align: left;padding: 0.75em;vertical-align: top;border-bottom-width: 1px;border-bottom-style: solid\"><span>799554<\/span><\/td>\n<td colspan=\"1\" rowspan=\"1\" class=\"vgt-left-align\" style=\"text-align: left;padding: 0.75em;vertical-align: top;border-bottom-width: 1px;border-bottom-style: solid\"><span>5<\/span><\/td>\n<\/tr>\n<\/tbody>\n<\/table>\n<\/div>\n<\/div>\n<\/div>\n<\/div>\n<\/div>\n<\/div>\n<\/div>\n<\/div>\n<\/div>\n<\/div>\n<\/div>\n<div class=\"container\" data-v-7757f8a2=\"\" style=\"max-width:1440px;width:393.091px;margin:0pxauto;padding:0px1rem\">\n<div class=\"mi-carousel\" id=\"carousel-1676309183244\" data-v-7757f8a2=\"\" style=\"grid-template-columns:1fr\">\n<div class=\"swiper-container swiper-container-initialized swiper-container-horizontal swiper-container-android\" style=\"margin-left:initial;margin-right:initial;overflow:hidden;padding:0px\">\n<div class=\"widget-title\" style=\"margin-bottom:1rem;margin-top:2rem;border-bottom:1pxsolidgray;border-top-color:gray;border-right-color:gray;border-left-color:gray;grid-template-columns:auto2rem2rem;align-items:center\">\n<div>\n<h2 style=\"font-family:Montserrat,sans-serif;text-transform:uppercase;line-height:1.25;margin-top:0.25rem;margin-bottom:0.25rem;font-weight:400;font-size:1.25rem;padding-left:0.25rem;cursor:pointer\">COMPLETA TU PEDIDO CON LOS SIGUIENTES PRODUCTOS<\/h2>\n<\/div>\n<div class=\"swiper-btn sb-prev swiper-button-disabled\" role=\"button\" aria-label=\"Previous slide\" style=\"cursor:pointer;max-height:2rem!important;text-align:center\"><\/div>\n<div class=\"swiper-btn sb-next\" role=\"button\" aria-label=\"Next slide\" style=\"cursor:pointer;max-height:2rem!important;text-align:center\"><\/div>\n<\/div>\n<div class=\"swiper-wrapper\" style=\"width:361.091px;height:535.222px\">\n<div class=\"swiper-slide swiper-slide-active\" style=\"flex-shrink:0;width:361px;height:535.222px;justify-content:center;align-items:baseline;margin-right:16px\">\n<div class=\"product grid logged\" data-v-28ea6870=\"\" style=\"margin-bottom:0.2rem;grid-template-columns:1fr1fr;grid-template-rows:min-content1rem3.5rem1.5rem1.5rem;max-width:14.5rem\">\n<div class=\"pl-img\" data-v-28ea6870=\"\"><a class=\"ilink\" data-v-28ea6870=\"\" href=\"https:\/\/hortitec.es\/big-bud-coco-liquid\" style=\"background-color: transparent;text-decoration: none\"><img decoding=\"async\" class=\"v-lazy-image\" data-v-6c51af9c=\"\" data-v-28ea6870=\"\" src=\"https:\/\/static.hortitec.es\/images\/default\/fertilizantes-default.jpg\" width=\"200px\" height=\"200px\" title=\"Big Bud Coco Liquid\" alt=\"Big Bud Coco Liquid\" style=\"border-style: none;width: 230.545px;max-width: 100%;height: auto;max-height: 100%\"><\/a><\/p>\n<div class=\"pl-tags\" data-v-28ea6870=\"\" style=\"width:230.545px\">\n<div class=\"product-tags grid\" data-v-2e0848c6=\"\" data-v-28ea6870=\"\">\n<div class=\"plt-left\" data-v-2e0848c6=\"\"><\/div>\n<div class=\"plt-right\" data-v-2e0848c6=\"\"><\/div>\n<\/div>\n<\/div>\n<\/div>\n<div class=\"pl-brand\" data-v-28ea6870=\"\" style=\"font-size:0.85rem;line-height:1;padding-left:0.5rem;margin-top:0.25rem\"><a class=\"man-link\" data-v-28ea6870=\"\" href=\"https:\/\/hortitec.es\/marcas\/advanced-nutrients\" style=\"background-color: transparent;text-decoration: none;text-transform: uppercase;font-size: 0.75rem\">ADVANCED NUTRIENTS<\/a><\/div>\n<div class=\"fav-link\" data-v-28ea6870=\"\" style=\"float:right;padding-right:0.5rem;justify-self:right\"><\/div>\n<div class=\"pl-name\" data-v-28ea6870=\"\">\n<h3 data-v-28ea6870=\"\" style=\"font-family:Montserrat,sans-serif;text-transform:capitalize;line-height:1.25;margin-top:0px;margin-bottom:0px;font-weight:500;font-size:0.8rem\"><a class=\"ilink\" data-v-28ea6870=\"\" href=\"https:\/\/hortitec.es\/big-bud-coco-liquid\" style=\"background-color: transparent;text-decoration: none;cursor: pointer;padding: 0.25rem 0.5rem;align-items: center\">Big Bud Coco Liquid<\/a><\/h3>\n<\/div>\n<div class=\"pl-stock\" data-v-28ea6870=\"\" style=\"padding-left:0.5rem;align-items:end\"><\/div>\n<div class=\"pl-ref\" data-v-28ea6870=\"\" style=\"font-size:0.8rem;padding-left:0.5rem;align-items:end\"><span data-v-28ea6870=\"\">719003<\/span><\/div>\n<div class=\"pl-price\" data-v-28ea6870=\"\" style=\"font-size:0.9rem;font-weight:bold;padding-right:0.5rem\">\n<div class=\"p-price grid\" data-v-9fad9188=\"\" data-v-28ea6870=\"\" style=\"font-weight:boldwhite-space:nowrap;font-size:1.2rem;text-align:right\"><span class=\"final-price\" data-v-9fad9188=\"\">6.50 \u20ac<\/span>\n<\/div>\n<\/div>\n<div class=\"pl-actions\" data-v-28ea6870=\"\" style=\"justify-content:center;width:230.545px;min-height:2.5rem\">\n<div class=\"pl-add\" data-v-28ea6870=\"\" style=\"align-items:center;justify-content:center;width:230.545px\">\n<div class=\"btn btn-orange\" data-v-28ea6870=\"\" style=\"align-content:center;max-width:fit-content;border-radius:1remfont-family:Montserrat,sans-serif;font-size:0.7rem;line-height:1;text-transform:uppercase;padding:0.625rem1rem;cursor:pointer;background:transparent;min-width:4rem!important;text-align:center\">OPCIONES\n<\/div>\n<\/div>\n<\/div>\n<div class=\"options-panel\" data-v-28ea6870=\"\" style=\"max-height:0px;overflow:hidden\"><\/div>\n<\/div>\n<\/div>\n<div class=\"swiper-slide swiper-slide-next\" style=\"flex-shrink:0;width:361px;height:535.222px;justify-content:center;align-items:baseline;margin-right:16px\">\n<div class=\"product grid logged\" data-v-28ea6870=\"\" style=\"margin-bottom:0.2rem;grid-template-columns:1fr1fr;grid-template-rows:min-content1rem3.5rem1.5rem1.5rem;max-width:14.5rem\">\n<div class=\"pl-img\" data-v-28ea6870=\"\"><a class=\"ilink\" data-v-28ea6870=\"\" href=\"https:\/\/hortitec.es\/bud-ignitor-advanced-nutrients\" style=\"background-color: transparent;text-decoration: none\"><img decoding=\"async\" class=\"v-lazy-image\" data-v-6c51af9c=\"\" data-v-28ea6870=\"\" src=\"https:\/\/static.hortitec.es\/images\/default\/fertilizantes-default.jpg\" width=\"200px\" height=\"200px\" title=\"Bud ignitor Advanced Nutrients\" alt=\"Bud ignitor Advanced Nutrients\" style=\"border-style: none;width: 230.545px;max-width: 100%;height: auto;max-height: 100%\"><\/a><\/p>\n<div class=\"pl-tags\" data-v-28ea6870=\"\" style=\"width:230.545px\">\n<div class=\"product-tags grid\" data-v-2e0848c6=\"\" data-v-28ea6870=\"\">\n<div class=\"plt-left\" data-v-2e0848c6=\"\"><\/div>\n<div class=\"plt-right\" data-v-2e0848c6=\"\"><\/div>\n<\/div>\n<\/div>\n<\/div>\n<div class=\"pl-brand\" data-v-28ea6870=\"\" style=\"font-size:0.85rem;line-height:1;padding-left:0.5rem;margin-top:0.25rem\"><a class=\"man-link\" data-v-28ea6870=\"\" href=\"https:\/\/hortitec.es\/marcas\/advanced-nutrients\" style=\"background-color: transparent;text-decoration: none;text-transform: uppercase;font-size: 0.75rem\">ADVANCED NUTRIENTS<\/a><\/div>\n<div class=\"fav-link\" data-v-28ea6870=\"\" style=\"float:right;padding-right:0.5rem;justify-self:right\"><\/div>\n<div class=\"pl-name\" data-v-28ea6870=\"\">\n<h3 data-v-28ea6870=\"\" style=\"font-family:Montserrat,sans-serif;text-transform:capitalize;line-height:1.25;margin-top:0px;margin-bottom:0px;font-weight:500;font-size:0.8rem\"><a class=\"ilink\" data-v-28ea6870=\"\" href=\"https:\/\/hortitec.es\/bud-ignitor-advanced-nutrients\" style=\"background-color: transparent;text-decoration: none;cursor: pointer;padding: 0.25rem 0.5rem;align-items: center\">Bud Ignitor Advanced Nutrients<\/a><\/h3>\n<\/div>\n<div class=\"pl-stock\" data-v-28ea6870=\"\" style=\"padding-left:0.5rem;align-items:end\"><\/div>\n<div class=\"pl-ref\" data-v-28ea6870=\"\" style=\"font-size:0.8rem;padding-left:0.5rem;align-items:end\"><span data-v-28ea6870=\"\">719121<\/span><\/div>\n<div class=\"pl-price\" data-v-28ea6870=\"\" style=\"font-size:0.9rem;font-weight:bold;padding-right:0.5rem\">\n<div class=\"p-price grid\" data-v-9fad9188=\"\" data-v-28ea6870=\"\" style=\"font-weight:boldwhite-space:nowrap;font-size:1.2rem;text-align:right\"><span class=\"final-price\" data-v-9fad9188=\"\">13 \u20ac<\/span>\n<\/div>\n<\/div>\n<div class=\"pl-actions\" data-v-28ea6870=\"\" style=\"justify-content:center;width:230.545px;min-height:2.5rem\">\n<div class=\"pl-add\" data-v-28ea6870=\"\" style=\"align-items:center;justify-content:center;width:230.545px\">\n<div class=\"btn btn-orange\" data-v-28ea6870=\"\" style=\"align-content:center;max-width:fit-content;border-radius:1remfont-family:Montserrat,sans-serif;font-size:0.7rem;line-height:1;text-transform:uppercase;padding:0.625rem1rem;cursor:pointer;background:transparent;min-width:4rem!important;text-align:center\">OPCIONES\n<\/div>\n<\/div>\n<\/div>\n<div class=\"options-panel\" data-v-28ea6870=\"\" style=\"max-height:0px;overflow:hidden\"><\/div>\n<\/div>\n<\/div>\n<div class=\"swiper-slide\" style=\"flex-shrink:0;width:361px;height:535.222px;justify-content:center;align-items:baseline;margin-right:16px\">\n<div class=\"product grid logged\" data-v-28ea6870=\"\" style=\"margin-bottom:0.2rem;grid-template-columns:1fr1fr;grid-template-rows:min-content1rem3.5rem1.5rem1.5rem;max-width:14.5rem\">\n<div class=\"pl-img\" data-v-28ea6870=\"\"><a class=\"ilink\" data-v-28ea6870=\"\" href=\"https:\/\/hortitec.es\/starter-kit-7\" style=\"background-color: transparent;text-decoration: none\"><img decoding=\"async\" class=\"v-lazy-image\" data-v-6c51af9c=\"\" data-v-28ea6870=\"\" src=\"https:\/\/static.hortitec.es\/images\/default\/fertilizantes-default.jpg\" width=\"200px\" height=\"200px\" title=\"Starter Kit\" alt=\"Starter Kit\" style=\"border-style: none;width: 230.545px;max-width: 100%;height: auto;max-height: 100%\"><\/a><\/p>\n<div class=\"pl-tags\" data-v-28ea6870=\"\" style=\"width:230.545px\">\n<div class=\"product-tags grid\" data-v-2e0848c6=\"\" data-v-28ea6870=\"\">\n<div class=\"plt-left\" data-v-2e0848c6=\"\"><\/div>\n<div class=\"plt-right\" data-v-2e0848c6=\"\"><\/div>\n<\/div>\n<\/div>\n<\/div>\n<div class=\"pl-brand\" data-v-28ea6870=\"\" style=\"font-size:0.85rem;line-height:1;padding-left:0.5rem;margin-top:0.25rem\"><a class=\"man-link\" data-v-28ea6870=\"\" href=\"https:\/\/hortitec.es\/marcas\/advanced-nutrients\" style=\"background-color: transparent;text-decoration: none;text-transform: uppercase;font-size: 0.75rem\">ADVANCED NUTRIENTS<\/a><\/div>\n<div class=\"fav-link\" data-v-28ea6870=\"\" style=\"float:right;padding-right:0.5rem;justify-self:right\"><\/div>\n<div class=\"pl-name\" data-v-28ea6870=\"\">\n<h3 data-v-28ea6870=\"\" style=\"font-family:Montserrat,sans-serif;text-transform:capitalize;line-height:1.25;margin-top:0px;margin-bottom:0px;font-weight:500;font-size:0.8rem\"><a class=\"ilink\" data-v-28ea6870=\"\" href=\"https:\/\/hortitec.es\/starter-kit-7\" style=\"background-color: transparent;text-decoration: none;cursor: pointer;padding: 0.25rem 0.5rem;align-items: center\">Starter Kit<\/a><\/h3>\n<\/div>\n<div class=\"pl-stock\" data-v-28ea6870=\"\" style=\"padding-left:0.5rem;align-items:end\"><\/div>\n<div class=\"pl-ref\" data-v-28ea6870=\"\" style=\"font-size:0.8rem;padding-left:0.5rem;align-items:end\"><span data-v-28ea6870=\"\">739015<\/span><\/div>\n<div class=\"pl-price\" data-v-28ea6870=\"\" style=\"font-size:0.9rem;font-weight:bold;padding-right:0.5rem\">\n<div class=\"p-price grid\" data-v-9fad9188=\"\" data-v-28ea6870=\"\" style=\"font-weight:boldwhite-space:nowrap;font-size:1.2rem;text-align:right\">\n<div class=\"discount\" data-v-9fad9188=\"\"><span class=\"through\" data-v-9fad9188=\"\" style=\"text-decoration:line-through;font-size:1rem;font-weight:normal\">45 \u20ac<span> <\/span><\/span><span class=\"dto-percent\" data-v-9fad9188=\"\" style=\"font-weight:normal;font-size:1rem;margin-left:0.1rem\">(-15%)<\/span>\n<\/div>\n<p><span class=\"final-price\" data-v-9fad9188=\"\">38.25 \u20ac<\/span><\/div>\n<\/div>\n<div class=\"pl-actions\" data-v-28ea6870=\"\" style=\"justify-content:center;width:230.545px;min-height:2.5rem\">\n<div class=\"pl-add\" data-v-28ea6870=\"\" style=\"align-items:center;justify-content:center;width:230.545px\">\n<div class=\"grid simple-add\" data-v-3fa6a33c=\"\" data-v-28ea6870=\"\" style=\"height:40px;padding-left:0.25rem;padding-right:0.25rem;width:230.545px\">\n<div class=\"input-wrapper\" data-v-3fa6a33c=\"\" style=\"grid-template-columns:1fr1fr;gap:0.15rem\">\n<div class=\"item-qty-control grid\" data-v-45cbcf94=\"\" data-v-3fa6a33c=\"\" style=\"font-family:Montserrat,sans-serif;font-weight:bold;color:dimgray;gap:0.05rem;justify-content:center;text-align:center\">\n<\/div>\n<div class=\"btn\" data-v-3fa6a33c=\"\" style=\"align-content:center;max-width:fit-content;border-radius:1remfont-family:Montserrat,sans-serif;font-size:0.7rem;line-height:1;text-transform:uppercase;padding:0.625rem1rem;cursor:pointer;background:transparent;min-width:4rem!important;justify-self:center;text-align:center\">A\u00d1ADIR<\/div>\n<\/div>\n<\/div>\n<\/div>\n<\/div>\n<\/div>\n<\/div>\n<\/div>\n<\/div>\n<\/div>\n<\/div>\n<\/div>\n<\/div>\n<div class=\"\" id=\"bottom-bar\" data-v-a77abfcc=\"\" style=\"width:393.091px;height:3.4rem;align-items:center;justify-self:center;font-family:Hind,sans-serif;font-size:16px;font-style:normal;font-weight:300;letter-spacing:normal;text-transform:none;text-align:left\">\n<div class=\"h-action\" data-v-a77abfcc=\"\" style=\"align-items:center;text-transform:uppercase;text-align:center\"><span data-v-a77abfcc=\"\" style=\"font-size:0.6rem;font-style:normal;margin-top:-0.3rem\">MEN\u00da<\/span>\n<\/div>\n<p><span data-v-a77abfcc=\"\" style=\"font-size:0.6rem;font-style:normal;margin-top:-0.3rem\"><a class=\"h-action\" href=\"https:\/\/hortitec.es\/ofertas-growshop\" data-v-a77abfcc=\"\" style=\"background-color: transparent;text-decoration: none;text-align: center;height: 54.3977px;align-items: center;text-transform: uppercase\">OFERTAS<\/a><\/span><\/div>\n","protected":false},"excerpt":{"rendered":"<p>Big Bud es un estimulador de floraci\u00f3n que te ofrece los m\u00e1ximos rendimientos en tus cultivos.<\/p>\n","protected":false},"featured_media":671,"comment_status":"open","ping_status":"closed","template":"","meta":{"om_disable_all_campaigns":false,"_monsterinsights_skip_tracking":false,"_monsterinsights_sitenote_active":false,"_monsterinsights_sitenote_note":"","_monsterinsights_sitenote_category":0},"product_cat":[383,315],"product_tag":[362,317,366,309],"class_list":{"0":"post-674","1":"product","2":"type-product","3":"status-publish","4":"has-post-thumbnail","6":"product_cat-advanced-nutrients","7":"product_cat-fertilizantes","8":"product_tag-advanced-nutrients","9":"product_tag-estimulador-de-floracion","10":"product_tag-floracion","11":"product_tag-ofertasdeoro","13":"first","14":"instock","15":"shipping-taxable","16":"purchasable","17":"product-type-variable"},"aioseo_notices":[],"jetpack_sharing_enabled":true,"_links":{"self":[{"href":"https:\/\/ofertasdeoro.com\/index.php\/wp-json\/wp\/v2\/product\/674","targetHints":{"allow":["GET"]}}],"collection":[{"href":"https:\/\/ofertasdeoro.com\/index.php\/wp-json\/wp\/v2\/product"}],"about":[{"href":"https:\/\/ofertasdeoro.com\/index.php\/wp-json\/wp\/v2\/types\/product"}],"replies":[{"embeddable":true,"href":"https:\/\/ofertasdeoro.com\/index.php\/wp-json\/wp\/v2\/comments?post=674"}],"wp:featuredmedia":[{"embeddable":true,"href":"https:\/\/ofertasdeoro.com\/index.php\/wp-json\/wp\/v2\/media\/671"}],"wp:attachment":[{"href":"https:\/\/ofertasdeoro.com\/index.php\/wp-json\/wp\/v2\/media?parent=674"}],"wp:term":[{"taxonomy":"product_cat","embeddable":true,"href":"https:\/\/ofertasdeoro.com\/index.php\/wp-json\/wp\/v2\/product_cat?post=674"},{"taxonomy":"product_tag","embeddable":true,"href":"https:\/\/ofertasdeoro.com\/index.php\/wp-json\/wp\/v2\/product_tag?post=674"}],"curies":[{"name":"wp","href":"https:\/\/api.w.org\/{rel}","templated":true}]}}