{"id":664,"date":"2023-02-13T18:17:34","date_gmt":"2023-02-13T17:17:34","guid":{"rendered":"https:\/\/ofertasdeoro.com\/?post_type=product&#038;p=664"},"modified":"2024-03-23T22:38:40","modified_gmt":"2024-03-23T21:38:40","slug":"b-52-1-suplemento-vitamina-b","status":"publish","type":"product","link":"https:\/\/ofertasdeoro.com\/index.php\/producto\/b-52-1-suplemento-vitamina-b\/","title":{"rendered":"B-52 1 SUPLEMENTO VITAMINA B"},"content":{"rendered":"<p style=\"margin-top:0.5rem;margin-bottom:0.5rem;font-family:Hind,sans-serif;font-size:15.2px;font-style:normal;font-weight:300;letter-spacing:normal;text-transform:none;text-align:left\">B-52 ofrece el aporte de vitaminas que tus plantas necesitan para crecer fuertes y sacar los m\u00e1ximos rendimientos. <\/p>\n<p style=\"margin-top:0.5rem;margin-bottom:0.5rem;font-family:Hind,sans-serif;font-size:15.2px;font-style:normal;font-weight:300;letter-spacing:normal;text-transform:none;text-align:left\">La vitamina B ofrece m\u00faltiples beneficios a tus plantas cultivadas en hidropon\u00eda, mejorando el peso y la calidad de la cosecha, estimulando los principales procesos celulares y ayudando a crear carbohidratos para que tengan la energ\u00eda suficiente traducida en un fuerte crecimiento vegetativo y alta producci\u00f3n de aceites esenciales. <\/p>\n<p style=\"margin-top:0.5rem;margin-bottom:0.5rem;font-family:Hind,sans-serif;font-size:15.2px;font-style:normal;font-weight:300;letter-spacing:normal;text-transform:none;text-align:left\">A partir de los nutrientes, las plantas pueden sintetizar algunas vitaminas B, pero no con la suficiente rapidez como para sacar su m\u00e1ximo rendimiento. Es por ello que necesitan un aporte directo adicional de vitaminas, de forma que las plantas invierten menos trabajo metab\u00f3lico y no es necesario que las produzcan por s\u00ed mismas. <\/p>\n<h2 style=\"font-family:Montserrat,sans-serif;text-transform:uppercase;line-height:1.25;margin-top:1rem;margin-bottom:0.25rem;font-weight:bold;font-size:1.1rem;font-style:normal;letter-spacing:normal;text-align:left\">FORMULACI\u00d3N PARA AUMENTAR EL RENDIMIENTO <\/h2>\n<p style=\"margin-top:0.5rem;margin-bottom:0.5rem;font-family:Hind,sans-serif;font-size:15.2px;font-style:normal;font-weight:300;letter-spacing:normal;text-transform:none;text-align:left\">Advanced Nutrients ha encontrado la formulaci\u00f3n perfecta de vitamina B para mayores rendimientos. <\/p>\n<ul style=\"font-family:Hind,sans-serif;font-size:15.2px;font-style:normal;font-weight:300;letter-spacing:normal;text-transform:none;text-align:left\">\n<li>Vitamina B2: mejora la resistencia de las plantas<\/li>\n<li>Vitamina B3: estimula las funciones b\u00e1sicas de la planta<\/li>\n<li>Vitaminta B7: para una mayor actividad enzim\u00e1tica, producci\u00f3n de energ\u00eda de carbohidratos y s\u00edntesis de amino\u00e1cidos<\/li>\n<\/ul>\n<h3 style=\"font-family:Montserrat,sans-serif;text-transform:uppercase;line-height:1.25;margin-top:1rem;margin-bottom:0.25rem;font-weight:500;font-size:1rem;font-style:normal;letter-spacing:normal;text-align:left\">APLICACI\u00d3N DE B-52<\/h3>\n<p style=\"margin-top:0.5rem;margin-bottom:0.5rem;font-family:Hind,sans-serif;font-size:15.2px;font-style:normal;font-weight:300;letter-spacing:normal;text-transform:none;text-align:left\">Es recomendable aplicar el producto directamente sobre las hojas o ra\u00edces, de forma que est\u00e9n disponibles de forma inmediata y completa para las plantas.  Apto para todo tipo de cultivo. <\/p>\n<p style=\"margin-top:0.5rem;margin-bottom:0.5rem;font-family:Hind,sans-serif;font-size:15.2px;font-style:normal;font-weight:300;letter-spacing:normal;text-transform:none;text-align:left\">Puedes usar B-52 hasta 1 semana antes del lavado en una dosis de 2 ml\/L.<\/p>\n<p style=\"margin-top:0.5rem;margin-bottom:0.5rem;font-family:Hind,sans-serif;font-size:15.2px;font-style:normal;font-weight:300;letter-spacing:normal;text-transform:none;text-align:left\">Por ejemplo, aplica B-52 en la semana 7 y usa la semana 8 para lavar. Si tiene una cepa de floraci\u00f3n m\u00e1s larga, contin\u00faa usando B-52 y enjuague la \u00faltima semana antes de la cosecha.<\/p>\n","protected":false},"excerpt":{"rendered":"<p style=\"margin-top:0.5rem;margin-bottom:0.5rem;font-family:Hind,sans-serif;font-size:15.2px;font-style:normal;font-weight:300;letter-spacing:normal;text-transform:none;text-align:left\">B-52 ofrece el aporte de vitaminas que tus plantas necesitan para crecer fuertes y sacar los m\u00e1ximos rendimientos. <\/p>\n","protected":false},"featured_media":659,"comment_status":"open","ping_status":"closed","template":"","meta":{"om_disable_all_campaigns":false,"_monsterinsights_skip_tracking":false,"_monsterinsights_sitenote_active":false,"_monsterinsights_sitenote_note":"","_monsterinsights_sitenote_category":0},"product_cat":[383,315],"product_tag":[362,365,316,317,366,364,309,320],"class_list":{"0":"post-664","1":"product","2":"type-product","3":"status-publish","4":"has-post-thumbnail","6":"product_cat-advanced-nutrients","7":"product_cat-fertilizantes","8":"product_tag-advanced-nutrients","9":"product_tag-crecimiento","10":"product_tag-estimulador-de-crecimiento","11":"product_tag-estimulador-de-floracion","12":"product_tag-floracion","13":"product_tag-fortalecedor","14":"product_tag-ofertasdeoro","15":"product_tag-oro","17":"first","18":"instock","19":"shipping-taxable","20":"purchasable","21":"product-type-variable"},"aioseo_notices":[],"jetpack_sharing_enabled":true,"_links":{"self":[{"href":"https:\/\/ofertasdeoro.com\/index.php\/wp-json\/wp\/v2\/product\/664","targetHints":{"allow":["GET"]}}],"collection":[{"href":"https:\/\/ofertasdeoro.com\/index.php\/wp-json\/wp\/v2\/product"}],"about":[{"href":"https:\/\/ofertasdeoro.com\/index.php\/wp-json\/wp\/v2\/types\/product"}],"replies":[{"embeddable":true,"href":"https:\/\/ofertasdeoro.com\/index.php\/wp-json\/wp\/v2\/comments?post=664"}],"wp:featuredmedia":[{"embeddable":true,"href":"https:\/\/ofertasdeoro.com\/index.php\/wp-json\/wp\/v2\/media\/659"}],"wp:attachment":[{"href":"https:\/\/ofertasdeoro.com\/index.php\/wp-json\/wp\/v2\/media?parent=664"}],"wp:term":[{"taxonomy":"product_cat","embeddable":true,"href":"https:\/\/ofertasdeoro.com\/index.php\/wp-json\/wp\/v2\/product_cat?post=664"},{"taxonomy":"product_tag","embeddable":true,"href":"https:\/\/ofertasdeoro.com\/index.php\/wp-json\/wp\/v2\/product_tag?post=664"}],"curies":[{"name":"wp","href":"https:\/\/api.w.org\/{rel}","templated":true}]}}