{"id":581,"date":"2022-12-14T18:24:39","date_gmt":"2022-12-14T17:24:39","guid":{"rendered":"https:\/\/ofertasdeoro.com\/?post_type=product&#038;p=581"},"modified":"2022-12-14T18:24:39","modified_gmt":"2022-12-14T17:24:39","slug":"boost-buddy","status":"publish","type":"product","link":"https:\/\/ofertasdeoro.com\/index.php\/producto\/boost-buddy\/","title":{"rendered":"BOOST BUDDY"},"content":{"rendered":"<p>No requiere electricidad ni mantenimiento, solo se cuelga en el interior del invernadero y emite Co2 de forma continua (se recomienda sacarlo del invernadero por la noche).<\/p>\n<p>La diferencia de Boost Budy respecto de otras bolsas similares es que, Boost Budy genera 5 veces m\u00e1s cantidad de Co2 gracias a su mezcla de ingredientes patentada y a su bolsa con una mayor superficie transpirable.<\/p>\n<p>El Boost Budy puede ser utilizado durante 6 meses (2 cosechas) y despu\u00e9s se puede usar como abono de jard\u00edn, ya que sus m\u00e1s de 15 ingredientes son todos org\u00e1nicos.<\/p>\n","protected":false},"excerpt":{"rendered":"<p><strong>Boost Budy\u00a0<\/strong>es un producto para aplicaci\u00f3n de Co2 en invernaderos de 1,2&#215;1,2 metros o m\u00e1s peque\u00f1os.<\/p>\n","protected":false},"featured_media":582,"comment_status":"open","ping_status":"closed","template":"","meta":{"om_disable_all_campaigns":false,"_monsterinsights_skip_tracking":false,"_monsterinsights_sitenote_active":false,"_monsterinsights_sitenote_note":"","_monsterinsights_sitenote_category":0},"product_cat":[355],"product_tag":[358,357,356,310,327],"class_list":{"0":"post-581","1":"product","2":"type-product","3":"status-publish","4":"has-post-thumbnail","6":"product_cat-control-de-clima","7":"product_tag-boost-buddy","8":"product_tag-co2","9":"product_tag-control-de-clima","10":"product_tag-growshop","11":"product_tag-ofertas","13":"first","14":"instock","15":"shipping-taxable","16":"purchasable","17":"product-type-simple"},"aioseo_notices":[],"jetpack_sharing_enabled":true,"_links":{"self":[{"href":"https:\/\/ofertasdeoro.com\/index.php\/wp-json\/wp\/v2\/product\/581","targetHints":{"allow":["GET"]}}],"collection":[{"href":"https:\/\/ofertasdeoro.com\/index.php\/wp-json\/wp\/v2\/product"}],"about":[{"href":"https:\/\/ofertasdeoro.com\/index.php\/wp-json\/wp\/v2\/types\/product"}],"replies":[{"embeddable":true,"href":"https:\/\/ofertasdeoro.com\/index.php\/wp-json\/wp\/v2\/comments?post=581"}],"wp:featuredmedia":[{"embeddable":true,"href":"https:\/\/ofertasdeoro.com\/index.php\/wp-json\/wp\/v2\/media\/582"}],"wp:attachment":[{"href":"https:\/\/ofertasdeoro.com\/index.php\/wp-json\/wp\/v2\/media?parent=581"}],"wp:term":[{"taxonomy":"product_cat","embeddable":true,"href":"https:\/\/ofertasdeoro.com\/index.php\/wp-json\/wp\/v2\/product_cat?post=581"},{"taxonomy":"product_tag","embeddable":true,"href":"https:\/\/ofertasdeoro.com\/index.php\/wp-json\/wp\/v2\/product_tag?post=581"}],"curies":[{"name":"wp","href":"https:\/\/api.w.org\/{rel}","templated":true}]}}