{"id":555,"date":"2022-12-12T18:05:37","date_gmt":"2022-12-12T17:05:37","guid":{"rendered":"https:\/\/ofertasdeoro.com\/?post_type=product&#038;p=555"},"modified":"2025-04-12T13:33:02","modified_gmt":"2025-04-12T12:33:02","slug":"bote-de-vacio-06-l","status":"publish","type":"product","link":"https:\/\/ofertasdeoro.com\/index.php\/producto\/bote-de-vacio-06-l\/","title":{"rendered":"BOTE DE VAC\u00cdO 0,6 L"},"content":{"rendered":"<p>En breve se actualizar\u00e1 la informaci\u00f3n del producto.<\/p>\n<p>-BOTE DE VAC\u00cdO 0,6 L9<\/p>\n","protected":false},"excerpt":{"rendered":"<p>En breve se actualizar\u00e1 la informaci\u00f3n del producto.<\/p>\n","protected":false},"featured_media":557,"comment_status":"open","ping_status":"closed","template":"","meta":{"om_disable_all_campaigns":false,"_monsterinsights_skip_tracking":false,"_monsterinsights_sitenote_active":false,"_monsterinsights_sitenote_note":"","_monsterinsights_sitenote_category":0},"product_cat":[339,330],"product_tag":[340,343,341,344,310,309,320,342],"class_list":{"0":"post-555","1":"product","2":"type-product","3":"status-publish","4":"has-post-thumbnail","6":"product_cat-botes-y-conservacion","7":"product_cat-parafernalia","8":"product_tag-bote","9":"product_tag-bote-de-vacio","10":"product_tag-cosnervacion","11":"product_tag-grow","12":"product_tag-growshop","13":"product_tag-ofertasdeoro","14":"product_tag-oro","15":"product_tag-vacio","17":"first","18":"instock","19":"shipping-taxable","20":"purchasable","21":"product-type-simple"},"aioseo_notices":[],"jetpack_sharing_enabled":true,"_links":{"self":[{"href":"https:\/\/ofertasdeoro.com\/index.php\/wp-json\/wp\/v2\/product\/555","targetHints":{"allow":["GET"]}}],"collection":[{"href":"https:\/\/ofertasdeoro.com\/index.php\/wp-json\/wp\/v2\/product"}],"about":[{"href":"https:\/\/ofertasdeoro.com\/index.php\/wp-json\/wp\/v2\/types\/product"}],"replies":[{"embeddable":true,"href":"https:\/\/ofertasdeoro.com\/index.php\/wp-json\/wp\/v2\/comments?post=555"}],"wp:featuredmedia":[{"embeddable":true,"href":"https:\/\/ofertasdeoro.com\/index.php\/wp-json\/wp\/v2\/media\/557"}],"wp:attachment":[{"href":"https:\/\/ofertasdeoro.com\/index.php\/wp-json\/wp\/v2\/media?parent=555"}],"wp:term":[{"taxonomy":"product_cat","embeddable":true,"href":"https:\/\/ofertasdeoro.com\/index.php\/wp-json\/wp\/v2\/product_cat?post=555"},{"taxonomy":"product_tag","embeddable":true,"href":"https:\/\/ofertasdeoro.com\/index.php\/wp-json\/wp\/v2\/product_tag?post=555"}],"curies":[{"name":"wp","href":"https:\/\/api.w.org\/{rel}","templated":true}]}}