{"id":534,"date":"2022-12-12T12:04:45","date_gmt":"2022-12-12T11:04:45","guid":{"rendered":"https:\/\/ofertasdeoro.com\/?post_type=product&#038;p=534"},"modified":"2024-02-07T01:54:07","modified_gmt":"2024-02-07T00:54:07","slug":"kit-de-cultivo-ecoled-300w","status":"publish","type":"product","link":"https:\/\/ofertasdeoro.com\/index.php\/producto\/kit-de-cultivo-ecoled-300w\/","title":{"rendered":"KIT DE CULTIVO ECOLED 300W"},"content":{"rendered":"<p>El kit cuenta con elementos destacados como el Invernadero Dark Box DB Lite\u00a0, de f\u00e1cil montaje, que no precisa herramientas para su ensamblaje, simplemente hay que unir sus postes de acero para crear la estructura e introducirla dentro del tejido.<\/p>\n<p>Tambi\u00e9n incorpora el REF:635072,\u00a0un sistema ideal para los autocultivadores, con lo \u00faltimo en tecnolog\u00eda LED de alto rendimiento. Proporciona alta eficiencia energ\u00e9tica, con 2,4 \u00b5mol\/J, aportando la mejor penetraci\u00f3n de luz en tus plantas.<\/p>\n<p>Otro componente destacable es el\u00a0Kit Ventilaci\u00f3n Vanguard\u00a0. Un kit de\u00a0ventilaci\u00f3n completo que consta de un Extractor Vanguard TT, un filtro Falcon i un Aluconnect de 5m.<\/p>\n<p>El K<strong>it de Cultivo Ecoled 300W<\/strong>\u00a0completo consta de:<\/p>\n<ul>\n<li>\u00a0Flower Care Smart Monitor<\/li>\n<li>\u00a0Invernadero db lite 120<\/li>\n<li>\u00a0Extractor inline 100 mm<\/li>\n<li>\u00a0Probe higrotemp con sonda vanguard hydroponics<\/li>\n<li>\u00a0Temporizador anal\u00f3gico 30 min\/24 h<\/li>\n<li>\u00a0Kit Ventilaci\u00f3n Vanguard<\/li>\n<\/ul>\n<p>Los invernaderos DB Liteno se pueden unir entre ellos.<\/p>\n","protected":false},"excerpt":{"rendered":"<p>El\u00a0<strong>Kit de Cultivo Ecoled<\/strong>\u00a0cuenta con todos los elementos necesarios para que puedas montar de forma f\u00e1cil tu habitaci\u00f3n de cultivo.<\/p>\n","protected":false},"featured_media":536,"comment_status":"open","ping_status":"closed","template":"","meta":{"om_disable_all_campaigns":false,"_monsterinsights_skip_tracking":false,"_monsterinsights_sitenote_active":false,"_monsterinsights_sitenote_note":"","_monsterinsights_sitenote_category":0},"product_cat":[321],"product_tag":[324,329,310,322,328,312,309,320],"class_list":{"0":"post-534","1":"product","2":"type-product","3":"status-publish","4":"has-post-thumbnail","6":"product_cat-kit-invernadero","7":"product_tag-armario","8":"product_tag-ecoled","9":"product_tag-growshop","10":"product_tag-invernadero","11":"product_tag-kit-de-cultivo","12":"product_tag-led","13":"product_tag-ofertasdeoro","14":"product_tag-oro","16":"first","17":"instock","18":"shipping-taxable","19":"purchasable","20":"product-type-simple"},"aioseo_notices":[],"jetpack_sharing_enabled":true,"_links":{"self":[{"href":"https:\/\/ofertasdeoro.com\/index.php\/wp-json\/wp\/v2\/product\/534","targetHints":{"allow":["GET"]}}],"collection":[{"href":"https:\/\/ofertasdeoro.com\/index.php\/wp-json\/wp\/v2\/product"}],"about":[{"href":"https:\/\/ofertasdeoro.com\/index.php\/wp-json\/wp\/v2\/types\/product"}],"replies":[{"embeddable":true,"href":"https:\/\/ofertasdeoro.com\/index.php\/wp-json\/wp\/v2\/comments?post=534"}],"wp:featuredmedia":[{"embeddable":true,"href":"https:\/\/ofertasdeoro.com\/index.php\/wp-json\/wp\/v2\/media\/536"}],"wp:attachment":[{"href":"https:\/\/ofertasdeoro.com\/index.php\/wp-json\/wp\/v2\/media?parent=534"}],"wp:term":[{"taxonomy":"product_cat","embeddable":true,"href":"https:\/\/ofertasdeoro.com\/index.php\/wp-json\/wp\/v2\/product_cat?post=534"},{"taxonomy":"product_tag","embeddable":true,"href":"https:\/\/ofertasdeoro.com\/index.php\/wp-json\/wp\/v2\/product_tag?post=534"}],"curies":[{"name":"wp","href":"https:\/\/api.w.org\/{rel}","templated":true}]}}