{"id":532,"date":"2022-12-12T11:54:18","date_gmt":"2022-12-12T10:54:18","guid":{"rendered":"https:\/\/ofertasdeoro.com\/?post_type=product&#038;p=532"},"modified":"2024-02-07T01:54:07","modified_gmt":"2024-02-07T00:54:07","slug":"kit-de-cultivo-ecoled-200w","status":"publish","type":"product","link":"https:\/\/ofertasdeoro.com\/index.php\/producto\/kit-de-cultivo-ecoled-200w\/","title":{"rendered":"KIT DE CULTIVO ECOLED 200W"},"content":{"rendered":"<p>El kit cuenta con elementos destacados como el\u00a0Invernadero Dark Box DB Lite\u00a0, de f\u00e1cil montaje, que no precisa herramientas para su ensamblaje, simplemente hay que unir sus postes de acero para crear la estructura e introducirla dentro del tejido.<\/p>\n<p>Tambi\u00e9n incorpora el\u00a0Sistema LED Cosmos 200 W ,\u00a0un sistema ideal para los autocultivadores, con lo \u00faltimo en tecnolog\u00eda LED de alto rendimiento. Proporciona alta eficiencia energ\u00e9tica, con 2,4 \u00b5mol\/J, aportando la mejor penetraci\u00f3n de luz en tus plantas.<\/p>\n<p>Otro componente destacable es el\u00a0Kit Ventilaci\u00f3n Vanguard\u00a0. Un kit de\u00a0ventilaci\u00f3n completo que consta de un Extractor Vanguard TT, un filtro Falcon i un Aluconnect de 5m.<\/p>\n<p>El\u00a0<strong>Kit de Cultivo Ecoled 200W<\/strong>\u00a0completo consta de:<\/p>\n<ul>\n<li>\u00a0Invernadero db lite 100<\/li>\n<li>\u00a0Sistema LED Cosmos 200 W<\/li>\n<li>\u00a0Kit ventilacion 100 mm Vanguard<\/li>\n<li>\u00a0Extractor inline 100 mm<\/li>\n<li>\u00a0Probe higrotemp con sonda vanguard hydroponics<\/li>\n<li>\u00a0Temporizador anal\u00f3gico 30 min\/24 h<\/li>\n<li>\u00a0Flower Care Smart Monitor<\/li>\n<\/ul>\n<p>Los invernaderos DB Lite no se pueden unir entre ellos.<\/p>\n","protected":false},"excerpt":{"rendered":"<p>El\u00a0<strong>Kit de Cultivo Ecoled\u00a0<\/strong>cuenta con todos los elementos necesarios para que puedas montar de forma f\u00e1cil tu habitaci\u00f3n de cultivo.<\/p>\n","protected":false},"featured_media":533,"comment_status":"open","ping_status":"closed","template":"","meta":{"om_disable_all_campaigns":false,"_monsterinsights_skip_tracking":false,"_monsterinsights_sitenote_active":false,"_monsterinsights_sitenote_note":"","_monsterinsights_sitenote_category":0},"product_cat":[321],"product_tag":[324,314,326,310,322,325,327,309],"class_list":{"0":"post-532","1":"product","2":"type-product","3":"status-publish","4":"has-post-thumbnail","6":"product_cat-kit-invernadero","7":"product_tag-armario","8":"product_tag-cultivo","9":"product_tag-growshio","10":"product_tag-growshop","11":"product_tag-invernadero","12":"product_tag-kitdecultivo","13":"product_tag-ofertas","14":"product_tag-ofertasdeoro","16":"first","17":"instock","18":"shipping-taxable","19":"purchasable","20":"product-type-simple"},"aioseo_notices":[],"jetpack_sharing_enabled":true,"_links":{"self":[{"href":"https:\/\/ofertasdeoro.com\/index.php\/wp-json\/wp\/v2\/product\/532","targetHints":{"allow":["GET"]}}],"collection":[{"href":"https:\/\/ofertasdeoro.com\/index.php\/wp-json\/wp\/v2\/product"}],"about":[{"href":"https:\/\/ofertasdeoro.com\/index.php\/wp-json\/wp\/v2\/types\/product"}],"replies":[{"embeddable":true,"href":"https:\/\/ofertasdeoro.com\/index.php\/wp-json\/wp\/v2\/comments?post=532"}],"wp:featuredmedia":[{"embeddable":true,"href":"https:\/\/ofertasdeoro.com\/index.php\/wp-json\/wp\/v2\/media\/533"}],"wp:attachment":[{"href":"https:\/\/ofertasdeoro.com\/index.php\/wp-json\/wp\/v2\/media?parent=532"}],"wp:term":[{"taxonomy":"product_cat","embeddable":true,"href":"https:\/\/ofertasdeoro.com\/index.php\/wp-json\/wp\/v2\/product_cat?post=532"},{"taxonomy":"product_tag","embeddable":true,"href":"https:\/\/ofertasdeoro.com\/index.php\/wp-json\/wp\/v2\/product_tag?post=532"}],"curies":[{"name":"wp","href":"https:\/\/api.w.org\/{rel}","templated":true}]}}