{"id":527,"date":"2022-12-09T19:20:09","date_gmt":"2022-12-09T18:20:09","guid":{"rendered":"https:\/\/ofertasdeoro.com\/?post_type=product&#038;p=527"},"modified":"2022-12-09T19:22:50","modified_gmt":"2022-12-09T18:22:50","slug":"kit-dark-box-eco","status":"publish","type":"product","link":"https:\/\/ofertasdeoro.com\/index.php\/producto\/kit-dark-box-eco\/","title":{"rendered":"KIT DARK BOX ECO"},"content":{"rendered":"<p>El\u00a0<strong>Kit Dark Box Eco<\/strong>\u00a0cuenta con un invernadero resistente, ligero y econ\u00f3mico, junto a todos sus accesorios para que puedas montar tu propia habitaci\u00f3n de cultivo.<\/p>\n<p>Este invernadero es f\u00e1cil de montar, no requiere herramientas solo instalar la iluminaci\u00f3n y todos los equipos necesarios. Los Dark Box son de alta calidad, con m\u00faltiples innovac\u00edones tecnol\u00f3gicas que aseguran la mayor hermeticidad a la luz, puertas de entrada, ventilaci\u00f3n, iluminaci\u00f3n, etc.<\/p>\n<h3>EL KIT DARK BOX ECO CONTIENE:<\/h3>\n<ul>\n<li>Dark Box 100 (100 x 100 x200 cm)<\/li>\n<li>Balastro Emagn\u00e9tico 400W Compact Solux<\/li>\n<li>Bombilla 400W Green Force Solux<\/li>\n<li>Reflector Amartillado Asia (43&#215;47 cm)<\/li>\n<li>Extractor TT Vanguard Hydroponics<\/li>\n<li>Aluconnect 102mm (5m) VDL<\/li>\n<li>Filtro Falcon 100\/200 mm Vanguard Hydroponics<\/li>\n<li>Extractor en L\u00ednea 100 Tubo Vanguard Hydroponics<\/li>\n<li>Poleas PRO Grip Light VDL<\/li>\n<li>Termohigrometro Digital Vanguard Hydroponics<\/li>\n<\/ul>\n<p><strong>Los invernaderos Dark Box no se pueden unir entre ellos.<\/strong><\/p>\n","protected":false},"excerpt":{"rendered":"<p>El\u00a0Kit Dark Box Eco\u00a0cuenta con un invernadero resistente, ligero y econ\u00f3mico, junto a todos sus accesorios para que puedas montar&hellip;<\/p>\n","protected":false},"featured_media":528,"comment_status":"open","ping_status":"closed","template":"","meta":{"om_disable_all_campaigns":false,"_monsterinsights_skip_tracking":false,"_monsterinsights_sitenote_active":false,"_monsterinsights_sitenote_note":"","_monsterinsights_sitenote_category":0},"product_cat":[321],"product_tag":[314,310,322,323,309,320],"class_list":{"0":"post-527","1":"product","2":"type-product","3":"status-publish","4":"has-post-thumbnail","6":"product_cat-kit-invernadero","7":"product_tag-cultivo","8":"product_tag-growshop","9":"product_tag-invernadero","10":"product_tag-kit","11":"product_tag-ofertasdeoro","12":"product_tag-oro","14":"first","15":"instock","16":"featured","17":"shipping-taxable","18":"purchasable","19":"product-type-simple"},"aioseo_notices":[],"jetpack_sharing_enabled":true,"_links":{"self":[{"href":"https:\/\/ofertasdeoro.com\/index.php\/wp-json\/wp\/v2\/product\/527","targetHints":{"allow":["GET"]}}],"collection":[{"href":"https:\/\/ofertasdeoro.com\/index.php\/wp-json\/wp\/v2\/product"}],"about":[{"href":"https:\/\/ofertasdeoro.com\/index.php\/wp-json\/wp\/v2\/types\/product"}],"replies":[{"embeddable":true,"href":"https:\/\/ofertasdeoro.com\/index.php\/wp-json\/wp\/v2\/comments?post=527"}],"wp:featuredmedia":[{"embeddable":true,"href":"https:\/\/ofertasdeoro.com\/index.php\/wp-json\/wp\/v2\/media\/528"}],"wp:attachment":[{"href":"https:\/\/ofertasdeoro.com\/index.php\/wp-json\/wp\/v2\/media?parent=527"}],"wp:term":[{"taxonomy":"product_cat","embeddable":true,"href":"https:\/\/ofertasdeoro.com\/index.php\/wp-json\/wp\/v2\/product_cat?post=527"},{"taxonomy":"product_tag","embeddable":true,"href":"https:\/\/ofertasdeoro.com\/index.php\/wp-json\/wp\/v2\/product_tag?post=527"}],"curies":[{"name":"wp","href":"https:\/\/api.w.org\/{rel}","templated":true}]}}